{"id":74,"date":"2014-08-16T18:29:51","date_gmt":"2014-08-16T22:29:51","guid":{"rendered":"https:\/\/cmaontario.ca\/?page_id=74"},"modified":"2026-04-18T16:26:02","modified_gmt":"2026-04-18T20:26:02","slug":"membership-join-or-renew","status":"publish","type":"page","link":"https:\/\/cmaontario.ca\/fr\/membership-join-or-renew\/","title":{"rendered":"Membership: Join or Renew"},"content":{"rendered":"<h1>\n\t\t\tADH\u00c9SION\n\t\t<\/h1>\n<h1>\n\t\t\tParticipez \u00e0 quelque chose de grand\t<\/h1>\n\t<p>\u00c0 CMAOntario, nous c\u00e9l\u00e9brons et embrassons la diversit\u00e9 de nos membres. Tout comme les diff\u00e9rentes cultures fa\u00e7onnent la musique country, nous croyons que la diversit\u00e9 favorise l'engagement, enrichit les exp\u00e9riences et renforce notre association. Si vous partagez notre passion pour l'avancement de la musique country en Ontario, vous vous sentirez chez vous chez nous.<\/p>\n<p>Lorsque vous achetez ou renouvelez une adh\u00e9sion \u00e0 CMAOntario, celle-ci est valable pendant un an \u00e0 compter de la date du paiement. Gr\u00e2ce \u00e0 votre soutien, la musique country de l'Ontario est importante.<\/p>\n\t\t\t\tPourquoi devenir membre ?\n\t\t\t\t<p><strong>Soumettre et voter pour les prix<\/strong><br \/>Avec une adh\u00e9sion r\u00e9guli\u00e8re ou corporative, vous pouvez soumettre des candidatures et voter pour les prix de la CMAO. Soumettez votre candidature pour un prix ou soutenez vos pairs ou votre artiste pr\u00e9f\u00e9r\u00e9 en votant lors de notre c\u00e9r\u00e9monie de remise des prix.<\/p>\n<hr \/>\n<p><strong>\u00c9v\u00e9nements \u00e0 prix r\u00e9duit et plus encore<\/strong><br \/>Les membres r\u00e9guliers et les membres corporatifs peuvent assister \u00e0 la majorit\u00e9 de nos s\u00e9minaires et \u00e9v\u00e9nements \u00e0 un prix r\u00e9duit. Nous travaillons \u00e9galement \u00e0 l'introduction d'avantages suppl\u00e9mentaires provenant de sources ext\u00e9rieures pour nos membres dans un avenir proche, comme l'assurance.<\/p>\n<hr \/>\n<p><strong>Possibilit\u00e9s d'\u00e9ducation<\/strong><br \/>Par le biais de s\u00e9minaires et de panels informatifs, ainsi que d'\u00e9v\u00e9nements \u00e0 micro ouvert et de la conf\u00e9rence annuelle de deux jours R2I Spring Tune Up, la CMAO s'efforce de fournir \u00e0 ses membres des outils qui vous aideront \u00e0 vous d\u00e9velopper et \u00e0 faire \u00e9voluer votre carri\u00e8re de mani\u00e8re positive. Vous aurez acc\u00e8s \u00e0 des informations importantes qui vous aideront dans votre carri\u00e8re dans la musique country et la majorit\u00e9 des prix d'inscription \u00e0 nos \u00e9v\u00e9nements sont propos\u00e9s \u00e0 un tarif r\u00e9duit pour les membres.<\/p>\n<hr \/>\n<p><strong>Possibilit\u00e9s de repr\u00e9sentation et d'exposition<\/strong><br \/>La CMAO est fi\u00e8re d'offrir \u00e0 ses membres des occasions de se produire et de se faire conna\u00eetre, ce qui les aidera \u00e0 d\u00e9velopper leurs comp\u00e9tences, leur base de fans et leur exp\u00e9rience. Notre objectif est d'aider nos membres \u00e0 passer de la sc\u00e8ne provinciale \u00e0 la sc\u00e8ne nationale et au-del\u00e0. Par le pass\u00e9, nous avons eu l'occasion de nous produire sur la sc\u00e8ne du CMAO\/CCMA Hamilton Showcase Stage, aux CMAO Awards, dans le cadre de la s\u00e9rie Demo Rama, sur la sc\u00e8ne de Lucknow Showcase Stage, sur la sc\u00e8ne CCMA Spotlight Showcase, sur la sc\u00e8ne CCMA Coast to Coast Showcase et bien plus encore !<\/p>\n<hr \/>\n<p><strong>Possibilit\u00e9s de mise en r\u00e9seau<\/strong><br \/>Le r\u00e9seautage est essentiel dans toute entreprise, et nos \u00e9v\u00e9nements sp\u00e9cialement con\u00e7us vous donnent l'occasion de nouer des contacts avec d'autres membres ainsi qu'avec des personnes cl\u00e9s de l'industrie, dans un cadre confortable et mod\u00e9r\u00e9. Jouez vos chansons devant des acteurs cl\u00e9s de la sc\u00e8ne musicale, posez les questions les plus br\u00fblantes et d\u00e9veloppez vos relations avec d'autres artistes, auteurs-compositeurs et producteurs de l'industrie.<\/p>\n<hr \/>\n<p><strong>Critiques de chansons<\/strong><br \/>Opportunities for your songs to be critiqued by professionals in the music business at CMAO organized events like our Open mic and Demo-Rama&#8217;s are a great way to learn more about songwriting and to gain confidence performing original material. Since 2013, DemoRama &#8216;Live&#8217; Series is held at various locations in search of new and undiscovered songwriting talent. Our Seminar Series regularly features a paneled DemoRama where industry experts listen to submitted recordings by participants and provide comments and critiques.<\/p>\n\t\t\t\tCode de conduite\n\t\t\t\t<p>The objective of the CMAOntario, through the leadership and experience of our Board of Directors, is to celebrate, foster and support the growth and development of Ontario&#8217;s country music community and all those associated with the Ontario country music infrastructure &#8211; provincially, nationally and internationally. To facilitate and maximize our goals and objectives, our members are strongly encouraged to commit to accepted ethical standards when interacting with, on behalf of, or in association with CMAOntario and its events, communications and social media platforms.<\/p>\n<p>CMAOntario a mis en place un Code de conduite des membres afin de prot\u00e9ger tous les membres de l'association.<\/p>\n<p>Le pr\u00e9sent Code de conduite des membres d\u00e9crit la conduite attendue de tous les membres de CMAOntario, quel que soit leur type d'adh\u00e9sion, le r\u00f4le qu'ils remplissent ou la juridiction dans laquelle ils vivent ou travaillent.<\/p>\n<p>Le conseil d'administration se r\u00e9f\u00e9rera \u00e9galement \u00e0 ce code de conduite s'il doit d\u00e9lib\u00e9rer sur une question de conduite dans le cadre de l'application de l'article 4:5:2 relatif \u00e0 l'expulsion d'un membre.<\/p>\n<p>L'AMC-Ontario encourage tous les membres \u00e0 se familiariser avec le pr\u00e9sent Code de conduite des membres et \u00e0 s'y conformer.<\/p>\n<p><strong>Il est conseill\u00e9 et attendu des membres qu'ils<\/strong><\/p>\n<ul>\n<li>Maintenir la r\u00e9putation, la bonne r\u00e9putation et la bonne volont\u00e9 de CMAOntario ;<\/li>\n<li>Agir avec int\u00e9grit\u00e9 et respecter les autres ;<\/li>\n<li>Respecter et se conformer aux lois, statuts et r\u00e8glements applicables et, en g\u00e9n\u00e9ral, \u00e0 ceux qui s'appliquent \u00e0 la conduite personnelle ;<\/li>\n<li>Se familiariser avec les r\u00e8glements de CMAOntario et les respecter ;<\/li>\n<li>Agir en tenant compte de l'int\u00e9r\u00eat g\u00e9n\u00e9ral de CMAOntario et ne pas utiliser leur statut de membre ou leurs privil\u00e8ges pour s'avantager injustement ou avantager d'autres personnes ;<\/li>\n<li>Ne prendre sciemment aucune mesure qui constituerait une contravention ou un conflit d'int\u00e9r\u00eats avec les statuts ou les r\u00e8gles et r\u00e8glements des Prix CMAOntario affich\u00e9s chaque ann\u00e9e en ce qui concerne les mises en candidature ou le vote, et rejeter et ne pas faire d'offre de corruption ou d'incitation contraire \u00e0 l'\u00e9thique ;<\/li>\n<li>Ne pas faire de d\u00e9claration au nom de CMAOntario en pr\u00e9tendant repr\u00e9senter CMAOntario, dans tout m\u00e9dia public, y compris les m\u00e9dias sociaux num\u00e9riques, \u00e0 moins d'y \u00eatre autoris\u00e9 par CMAOntario ;<\/li>\n<li>Ne pas afficher de contenu ou faire de d\u00e9clarations qui pourraient \u00eatre interpr\u00e9t\u00e9es comme \u00e9tant abusives ou offensantes par l'entremise de tout m\u00e9dia accessible au public et associ\u00e9 \u00e0 CMAOntario ;<\/li>\n<li>Faire preuve de professionnalisme et de respect dans ses relations d'affaires avec CMAOntario et ses commanditaires, partenaires, fournisseurs et affili\u00e9s.<\/li>\n<\/ul>\n<p>Si un membre ne respecte pas les conditions \u00e9nonc\u00e9es dans le pr\u00e9sent Code de conduite, le Conseil d'administration de CMAOntario peut, apr\u00e8s d\u00e9lib\u00e9ration et \u00e0 sa seule discr\u00e9tion, d\u00e9cider d'une mesure appropri\u00e9e \u00e0 prendre, y compris, mais sans s'y limiter, l'expulsion d'un membre conform\u00e9ment \u00e0 l'article 4:5:2.<\/p>\n<p>Le Conseil d'administration de CMAOntario se r\u00e9serve le droit de mettre \u00e0 jour le pr\u00e9sent Code de conduite des membres.<\/p>\n<h3>\n\t\t\tSi vous renouvelez votre adh\u00e9sion, veuillez d'abord vous connecter, ou vous pouvez vous connecter \u00e0 la page de paiement.\t<\/h3>\n<div class=\"woocommerce columns-3\"><ul class=\"products columns-3\">\n<li class=\"member-discount discount-restricted product type-product post-5471 status-publish first instock product_cat-membership has-post-thumbnail downloadable virtual taxable purchasable product-type-simple\">\n\t<a href=\"https:\/\/cmaontario.ca\/fr\/produit\/corporate-membership\/\" class=\"woocommerce-LoopProduct-link woocommerce-loop-product__link\"><img loading=\"lazy\" decoding=\"async\" width=\"360\" height=\"360\" src=\"https:\/\/cmaontario.ca\/wp-content\/uploads\/2019\/10\/CMAO-Corporate-Membership.png\" class=\"attachment-woocommerce_thumbnail size-woocommerce_thumbnail\" alt=\"CMAO Corporate Membership\" srcset=\"https:\/\/cmaontario.ca\/wp-content\/uploads\/2019\/10\/CMAO-Corporate-Membership.png 360w, https:\/\/cmaontario.ca\/wp-content\/uploads\/2019\/10\/CMAO-Corporate-Membership-100x100.png 100w, https:\/\/cmaontario.ca\/wp-content\/uploads\/2019\/10\/CMAO-Corporate-Membership-150x150.png 150w, https:\/\/cmaontario.ca\/wp-content\/uploads\/2019\/10\/CMAO-Corporate-Membership-300x300.png 300w\" sizes=\"auto, (max-width: 360px) 100vw, 360px\" \/><h2 class=\"woocommerce-loop-product__title\">Adh\u00e9sion des entreprises<\/h2>\n\t<span class=\"price\"><span class=\"woocommerce-Price-amount amount\"><bdi><span class=\"woocommerce-Price-currencySymbol\">&#36;<\/span>125.00<\/bdi><\/span><\/span>\n<\/a><a href=\"\/fr\/wp-json\/wp\/v2\/pages\/74?add-to-cart=5471\" aria-describedby=\"woocommerce_loop_add_to_cart_link_describedby_5471\" data-quantity=\"1\" class=\"button product_type_simple add_to_cart_button ajax_add_to_cart\" data-product_id=\"5471\" data-product_sku=\"\" aria-label=\"Ajouter au panier : \u201cCorporate Membership\u201d\" rel=\"nofollow\" data-success_message=\"\u201cCorporate Membership\u201d a \u00e9t\u00e9 ajout\u00e9 \u00e0 votre panier\" data-no-translation=\"\" data-trp-gettext=\"\" data-no-translation-aria-label=\"\" data-no-translation-data-success_message=\"\">Ajouter au panier<\/a>\t<span id=\"woocommerce_loop_add_to_cart_link_describedby_5471\" class=\"screen-reader-text\">\n\t\t\t<\/span>\n<\/li>\n<li class=\"member-discount discount-restricted product type-product post-5469 status-publish instock product_cat-membership has-post-thumbnail downloadable virtual taxable purchasable product-type-simple\">\n\t<a href=\"https:\/\/cmaontario.ca\/fr\/produit\/regular-membership\/\" class=\"woocommerce-LoopProduct-link woocommerce-loop-product__link\"><img loading=\"lazy\" decoding=\"async\" width=\"360\" height=\"360\" src=\"https:\/\/cmaontario.ca\/wp-content\/uploads\/2019\/10\/CMAO-Regular-membership.png\" class=\"attachment-woocommerce_thumbnail size-woocommerce_thumbnail\" alt=\"CMAO Regular-membership\" srcset=\"https:\/\/cmaontario.ca\/wp-content\/uploads\/2019\/10\/CMAO-Regular-membership.png 360w, https:\/\/cmaontario.ca\/wp-content\/uploads\/2019\/10\/CMAO-Regular-membership-100x100.png 100w, https:\/\/cmaontario.ca\/wp-content\/uploads\/2019\/10\/CMAO-Regular-membership-150x150.png 150w, https:\/\/cmaontario.ca\/wp-content\/uploads\/2019\/10\/CMAO-Regular-membership-300x300.png 300w\" sizes=\"auto, (max-width: 360px) 100vw, 360px\" \/><h2 class=\"woocommerce-loop-product__title\">Membres r\u00e9guliers<\/h2>\n\t<span class=\"price\"><span class=\"woocommerce-Price-amount amount\"><bdi><span class=\"woocommerce-Price-currencySymbol\">&#36;<\/span>50.00<\/bdi><\/span><\/span>\n<\/a><a href=\"\/fr\/wp-json\/wp\/v2\/pages\/74?add-to-cart=5469\" aria-describedby=\"woocommerce_loop_add_to_cart_link_describedby_5469\" data-quantity=\"1\" class=\"button product_type_simple add_to_cart_button ajax_add_to_cart\" data-product_id=\"5469\" data-product_sku=\"\" aria-label=\"Ajouter au panier : \u201cRegular Membership\u201d\" rel=\"nofollow\" data-success_message=\"\u201cRegular Membership\u201d a \u00e9t\u00e9 ajout\u00e9 \u00e0 votre panier\" data-no-translation=\"\" data-trp-gettext=\"\" data-no-translation-aria-label=\"\" data-no-translation-data-success_message=\"\">Ajouter au panier<\/a>\t<span id=\"woocommerce_loop_add_to_cart_link_describedby_5469\" class=\"screen-reader-text\">\n\t\t\t<\/span>\n<\/li>\n<li class=\"member-discount discount-restricted product type-product post-22303 status-publish last instock product_cat-membership has-post-thumbnail downloadable virtual taxable purchasable product-type-simple\">\n\t<a href=\"https:\/\/cmaontario.ca\/fr\/produit\/fan-membership\/\" class=\"woocommerce-LoopProduct-link woocommerce-loop-product__link\"><img loading=\"lazy\" decoding=\"async\" width=\"360\" height=\"360\" src=\"https:\/\/cmaontario.ca\/wp-content\/uploads\/2019\/10\/CMAO-FAN-membership.png\" class=\"attachment-woocommerce_thumbnail size-woocommerce_thumbnail\" alt=\"CMAO FAN-membership\" srcset=\"https:\/\/cmaontario.ca\/wp-content\/uploads\/2019\/10\/CMAO-FAN-membership.png 360w, https:\/\/cmaontario.ca\/wp-content\/uploads\/2019\/10\/CMAO-FAN-membership-100x100.png 100w, https:\/\/cmaontario.ca\/wp-content\/uploads\/2019\/10\/CMAO-FAN-membership-150x150.png 150w, https:\/\/cmaontario.ca\/wp-content\/uploads\/2019\/10\/CMAO-FAN-membership-300x300.png 300w\" sizes=\"auto, (max-width: 360px) 100vw, 360px\" \/><h2 class=\"woocommerce-loop-product__title\">Adh\u00e9sion des supporters<\/h2>\n\t<span class=\"price\"><span class=\"woocommerce-Price-amount amount\"><bdi><span class=\"woocommerce-Price-currencySymbol\">&#36;<\/span>20.00<\/bdi><\/span><\/span>\n<\/a><a href=\"\/fr\/wp-json\/wp\/v2\/pages\/74?add-to-cart=22303\" aria-describedby=\"woocommerce_loop_add_to_cart_link_describedby_22303\" data-quantity=\"1\" class=\"button product_type_simple add_to_cart_button ajax_add_to_cart\" data-product_id=\"22303\" data-product_sku=\"\" aria-label=\"Ajouter au panier : \u201cFan Membership\u201d\" rel=\"nofollow\" data-success_message=\"\u201cFan Membership\u201d a \u00e9t\u00e9 ajout\u00e9 \u00e0 votre panier\" data-no-translation=\"\" data-trp-gettext=\"\" data-no-translation-aria-label=\"\" data-no-translation-data-success_message=\"\">Ajouter au panier<\/a>\t<span id=\"woocommerce_loop_add_to_cart_link_describedby_22303\" class=\"screen-reader-text\">\n\t\t\t<\/span>\n<\/li>\n<\/ul>\n<\/div><h2>\n\t\t\tAchat d'une adh\u00e9sion OU renouvellement de l'adh\u00e9sion\t<\/h2>\n\t<p>Il existe trois niveaux d'adh\u00e9sion \u00e0 CMAOntario.<\/p>\n<ol>\n<li><strong>Adh\u00e9sion des supporters<\/strong>\u00a0pour les personnes qui souhaitent soutenir l'association.<\/li>\n<li><strong>Membres r\u00e9guliers<\/strong>\u00a0pour les personnes qui adh\u00e8rent \u00e0 l'association.<\/li>\n<li><strong>Adh\u00e9sion des entreprises<\/strong>\u00a0pour une entreprise\/organisation ou un groupe qui inscrit 3 repr\u00e9sentants comme membres de CMAOntario.<\/li>\n<\/ol>\n<p><strong>COTISATIONS DES MEMBRES<\/strong><\/p>\n<ol>\n<li>Fan Membership &#8211; 1 year $ 20.00*<\/li>\n<li>Single Membership &#8211; 1 year $ 50.00*<\/li>\n<li>Corporate Membership &#8211; 1 year $125.00*<\/li>\n<\/ol>\n<p>*Plus les frais de service et les taxes applicables<\/p>\n<strong>P\u00c9RIODE D'ADH\u00c9SION<\/strong><br \/>\nLa p\u00e9riode d'adh\u00e9sion \u00e0 CMAOntario est d'un an \u00e0 compter de la date de renouvellement ou d'inscription.<br \/>\n<strong><br \/>\nDROITS DE VOTE : PRIX CMAOntario<\/strong><br \/>\nUn membre individuel qui a achet\u00e9 et d\u00e9tient une adh\u00e9sion valide et \u00e0 jour a droit \u00e0 un (1) vote par cat\u00e9gorie de prix CMAOntario applicable. Chaque coll\u00e8gue ou membre d'un groupe inscrit en tant que membre corporatif a droit \u00e0 un (1) vote par cat\u00e9gorie de prix CMAOntario applicable. Les adh\u00e9sions de fans n'incluent pas le droit de vote.\n<strong>DROITS DE VOTE : Conseil d'administration de CMAOntario et questions relatives \u00e0 l'association<\/strong><br \/>\nTous les membres en r\u00e8gle ont le droit de voter sur les questions relatives \u00e0 l'association pr\u00e9sent\u00e9es lors de l'assembl\u00e9e g\u00e9n\u00e9rale annuelle et ont le droit d'exprimer une (1) voix par poste \u00e9ligible lors de l'\u00e9lection des administrateurs. L'adh\u00e9sion en tant que fan n'inclut pas le droit de vote.","protected":false},"excerpt":{"rendered":"<p>MEMBERSHIP Become Part of Something Great At CMAOntario, we celebrate and embrace the diversity of our membership. Just as various cultures shape country music, we believe that diversity enhances engagement,&hellip;<\/p>","protected":false},"author":3,"featured_media":0,"parent":0,"menu_order":2,"comment_status":"closed","ping_status":"closed","template":"","meta":{"_monsterinsights_skip_tracking":false,"_monsterinsights_sitenote_active":false,"_monsterinsights_sitenote_note":"","_monsterinsights_sitenote_category":0,"_uf_show_specific_survey":0,"_uf_disable_surveys":false,"_price":"","_stock":"","_tribe_ticket_header":"","_tribe_default_ticket_provider":"","_tribe_ticket_capacity":"0","_ticket_start_date":"","_ticket_end_date":"","_tribe_ticket_show_description":"","_tribe_ticket_show_not_going":false,"_tribe_ticket_use_global_stock":"","_tribe_ticket_global_stock_level":"","_global_stock_mode":"","_global_stock_cap":"","_tribe_rsvp_for_event":"","_tribe_ticket_going_count":"","_tribe_ticket_not_going_count":"","_tribe_tickets_list":"[]","_tribe_ticket_has_attendee_info_fields":false,"footnotes":"","_tec_slr_enabled":"","_tec_slr_layout":""},"class_list":["post-74","page","type-page","status-publish","hentry"],"yoast_head":"<!-- This site is optimized with the Yoast SEO plugin v27.4 - https:\/\/yoast.com\/product\/yoast-seo-wordpress\/ -->\n<title>Membership: Join or Renew - Country Music Association of Ontario<\/title>\n<meta name=\"robots\" content=\"index, follow, max-snippet:-1, max-image-preview:large, max-video-preview:-1\" \/>\n<link rel=\"canonical\" href=\"https:\/\/cmaontario.ca\/fr\/membership-join-or-renew\/\" \/>\n<meta property=\"og:locale\" content=\"fr_CA\" \/>\n<meta property=\"og:type\" content=\"article\" \/>\n<meta property=\"og:title\" content=\"Membership: Join or Renew - Country Music Association of Ontario\" \/>\n<meta property=\"og:description\" content=\"MEMBERSHIP Become Part of Something Great At CMAOntario, we celebrate and embrace the diversity of our membership. Just as various cultures shape country music, we believe that diversity enhances engagement,&hellip;\" \/>\n<meta property=\"og:url\" content=\"https:\/\/cmaontario.ca\/fr\/membership-join-or-renew\/\" \/>\n<meta property=\"og:site_name\" content=\"Country Music Association of Ontario\" \/>\n<meta property=\"article:publisher\" content=\"https:\/\/www.facebook.com\/thecmaontario\/\" \/>\n<meta property=\"article:modified_time\" content=\"2026-04-18T20:26:02+00:00\" \/>\n<meta name=\"twitter:card\" content=\"summary_large_image\" \/>\n<meta name=\"twitter:site\" content=\"@theCMAOntario\" \/>\n<meta name=\"twitter:label1\" content=\"Estimation du temps de lecture\" \/>\n\t<meta name=\"twitter:data1\" content=\"5 minutes\" \/>\n<script type=\"application\/ld+json\" class=\"yoast-schema-graph\">{\"@context\":\"https:\\\/\\\/schema.org\",\"@graph\":[{\"@type\":\"WebPage\",\"@id\":\"https:\\\/\\\/cmaontario.ca\\\/membership-join-or-renew\\\/\",\"url\":\"https:\\\/\\\/cmaontario.ca\\\/membership-join-or-renew\\\/\",\"name\":\"Membership: Join or Renew - Country Music Association of Ontario\",\"isPartOf\":{\"@id\":\"https:\\\/\\\/cmaontario.ca\\\/#website\"},\"datePublished\":\"2014-08-16T22:29:51+00:00\",\"dateModified\":\"2026-04-18T20:26:02+00:00\",\"breadcrumb\":{\"@id\":\"https:\\\/\\\/cmaontario.ca\\\/membership-join-or-renew\\\/#breadcrumb\"},\"inLanguage\":\"fr-CA\",\"potentialAction\":[{\"@type\":\"ReadAction\",\"target\":[\"https:\\\/\\\/cmaontario.ca\\\/membership-join-or-renew\\\/\"]}]},{\"@type\":\"BreadcrumbList\",\"@id\":\"https:\\\/\\\/cmaontario.ca\\\/membership-join-or-renew\\\/#breadcrumb\",\"itemListElement\":[{\"@type\":\"ListItem\",\"position\":1,\"name\":\"Home\",\"item\":\"https:\\\/\\\/cmaontario.ca\\\/\"},{\"@type\":\"ListItem\",\"position\":2,\"name\":\"Membership: Join or Renew\"}]},{\"@type\":\"WebSite\",\"@id\":\"https:\\\/\\\/cmaontario.ca\\\/#website\",\"url\":\"https:\\\/\\\/cmaontario.ca\\\/\",\"name\":\"Country Music Association of Ontario\",\"description\":\"Making Ontario Country Music Matter.\",\"publisher\":{\"@id\":\"https:\\\/\\\/cmaontario.ca\\\/#organization\"},\"potentialAction\":[{\"@type\":\"SearchAction\",\"target\":{\"@type\":\"EntryPoint\",\"urlTemplate\":\"https:\\\/\\\/cmaontario.ca\\\/?s={search_term_string}\"},\"query-input\":{\"@type\":\"PropertyValueSpecification\",\"valueRequired\":true,\"valueName\":\"search_term_string\"}}],\"inLanguage\":\"fr-CA\"},{\"@type\":\"Organization\",\"@id\":\"https:\\\/\\\/cmaontario.ca\\\/#organization\",\"name\":\"Country Music Association of Ontario\",\"url\":\"https:\\\/\\\/cmaontario.ca\\\/\",\"logo\":{\"@type\":\"ImageObject\",\"inLanguage\":\"fr-CA\",\"@id\":\"https:\\\/\\\/cmaontario.ca\\\/#\\\/schema\\\/logo\\\/image\\\/\",\"url\":\"https:\\\/\\\/cmaontario.ca\\\/wp-content\\\/uploads\\\/2025\\\/12\\\/CMAO-Logo-vertical-MaroonBlu.png\",\"contentUrl\":\"https:\\\/\\\/cmaontario.ca\\\/wp-content\\\/uploads\\\/2025\\\/12\\\/CMAO-Logo-vertical-MaroonBlu.png\",\"width\":512,\"height\":512,\"caption\":\"Country Music Association of Ontario\"},\"image\":{\"@id\":\"https:\\\/\\\/cmaontario.ca\\\/#\\\/schema\\\/logo\\\/image\\\/\"},\"sameAs\":[\"https:\\\/\\\/www.facebook.com\\\/thecmaontario\\\/\",\"https:\\\/\\\/x.com\\\/theCMAOntario\",\"https:\\\/\\\/www.instagram.com\\\/thecmaontario\\\/\",\"https:\\\/\\\/open.spotify.com\\\/user\\\/cmaontario\"]}]}<\/script>\n<!-- \/ Yoast SEO plugin. -->","yoast_head_json":{"title":"Membership: Join or Renew - Country Music Association of Ontario","robots":{"index":"index","follow":"follow","max-snippet":"max-snippet:-1","max-image-preview":"max-image-preview:large","max-video-preview":"max-video-preview:-1"},"canonical":"https:\/\/cmaontario.ca\/fr\/membership-join-or-renew\/","og_locale":"fr_CA","og_type":"article","og_title":"Membership: Join or Renew - Country Music Association of Ontario","og_description":"MEMBERSHIP Become Part of Something Great At CMAOntario, we celebrate and embrace the diversity of our membership. Just as various cultures shape country music, we believe that diversity enhances engagement,&hellip;","og_url":"https:\/\/cmaontario.ca\/fr\/membership-join-or-renew\/","og_site_name":"Country Music Association of Ontario","article_publisher":"https:\/\/www.facebook.com\/thecmaontario\/","article_modified_time":"2026-04-18T20:26:02+00:00","twitter_card":"summary_large_image","twitter_site":"@theCMAOntario","twitter_misc":{"Estimation du temps de lecture":"5 minutes"},"schema":{"@context":"https:\/\/schema.org","@graph":[{"@type":"WebPage","@id":"https:\/\/cmaontario.ca\/membership-join-or-renew\/","url":"https:\/\/cmaontario.ca\/membership-join-or-renew\/","name":"Membership: Join or Renew - Country Music Association of Ontario","isPartOf":{"@id":"https:\/\/cmaontario.ca\/#website"},"datePublished":"2014-08-16T22:29:51+00:00","dateModified":"2026-04-18T20:26:02+00:00","breadcrumb":{"@id":"https:\/\/cmaontario.ca\/membership-join-or-renew\/#breadcrumb"},"inLanguage":"fr-CA","potentialAction":[{"@type":"ReadAction","target":["https:\/\/cmaontario.ca\/membership-join-or-renew\/"]}]},{"@type":"BreadcrumbList","@id":"https:\/\/cmaontario.ca\/membership-join-or-renew\/#breadcrumb","itemListElement":[{"@type":"ListItem","position":1,"name":"Home","item":"https:\/\/cmaontario.ca\/"},{"@type":"ListItem","position":2,"name":"Membership: Join or Renew"}]},{"@type":"WebSite","@id":"https:\/\/cmaontario.ca\/#website","url":"https:\/\/cmaontario.ca\/","name":"Association de musique country de l'Ontario","description":"Faire conna\u00eetre la musique country de l'Ontario.","publisher":{"@id":"https:\/\/cmaontario.ca\/#organization"},"potentialAction":[{"@type":"SearchAction","target":{"@type":"EntryPoint","urlTemplate":"https:\/\/cmaontario.ca\/?s={search_term_string}"},"query-input":{"@type":"PropertyValueSpecification","valueRequired":true,"valueName":"search_term_string"}}],"inLanguage":"fr-CA"},{"@type":"Organization","@id":"https:\/\/cmaontario.ca\/#organization","name":"Association de musique country de l'Ontario","url":"https:\/\/cmaontario.ca\/","logo":{"@type":"ImageObject","inLanguage":"fr-CA","@id":"https:\/\/cmaontario.ca\/#\/schema\/logo\/image\/","url":"https:\/\/cmaontario.ca\/wp-content\/uploads\/2025\/12\/CMAO-Logo-vertical-MaroonBlu.png","contentUrl":"https:\/\/cmaontario.ca\/wp-content\/uploads\/2025\/12\/CMAO-Logo-vertical-MaroonBlu.png","width":512,"height":512,"caption":"Country Music Association of Ontario"},"image":{"@id":"https:\/\/cmaontario.ca\/#\/schema\/logo\/image\/"},"sameAs":["https:\/\/www.facebook.com\/thecmaontario\/","https:\/\/x.com\/theCMAOntario","https:\/\/www.instagram.com\/thecmaontario\/","https:\/\/open.spotify.com\/user\/cmaontario"]}]}},"ticketed":false,"_links":{"self":[{"href":"https:\/\/cmaontario.ca\/fr\/wp-json\/wp\/v2\/pages\/74","targetHints":{"allow":["GET"]}}],"collection":[{"href":"https:\/\/cmaontario.ca\/fr\/wp-json\/wp\/v2\/pages"}],"about":[{"href":"https:\/\/cmaontario.ca\/fr\/wp-json\/wp\/v2\/types\/page"}],"author":[{"embeddable":true,"href":"https:\/\/cmaontario.ca\/fr\/wp-json\/wp\/v2\/users\/3"}],"replies":[{"embeddable":true,"href":"https:\/\/cmaontario.ca\/fr\/wp-json\/wp\/v2\/comments?post=74"}],"version-history":[{"count":18,"href":"https:\/\/cmaontario.ca\/fr\/wp-json\/wp\/v2\/pages\/74\/revisions"}],"predecessor-version":[{"id":73729,"href":"https:\/\/cmaontario.ca\/fr\/wp-json\/wp\/v2\/pages\/74\/revisions\/73729"}],"wp:attachment":[{"href":"https:\/\/cmaontario.ca\/fr\/wp-json\/wp\/v2\/media?parent=74"}],"curies":[{"name":"wp","href":"https:\/\/api.w.org\/{rel}","templated":true}]}}