{"id":73632,"date":"2026-04-09T08:07:57","date_gmt":"2026-04-09T12:07:57","guid":{"rendered":"https:\/\/cmaontario.ca\/?page_id=73632"},"modified":"2026-04-23T08:44:28","modified_gmt":"2026-04-23T12:44:28","slug":"2026-festival-awards","status":"publish","type":"page","link":"https:\/\/cmaontario.ca\/fr\/2026-festival-awards\/","title":{"rendered":"2026 Festival &#038; Awards"},"content":{"rendered":"<h1>\n\t\t\t14\u00e8me gala annuel de la CMAOntario <br \/>Festival &#038; Awards\n\t\t<\/h1>\n<figure itemscope itemtype=\"https:\/\/schema.org\/ImageObject\">\n\t\t\t\t<img decoding=\"async\" src=\"https:\/\/cmaontario.ca\/wp-content\/uploads\/2026\/04\/cmaontario26-horizontal.png\" alt=\"CMAontario26 horizontal\" height=\"1200\" width=\"1656\" title=\"CMAOntario26 horizontal\" onerror=\"this.style.display='none'\" loading=\"lazy\" \/>\n\t<\/figure>\n<h1>\n\t\t\t14th Annual CMAOntario Festival &#038; Awards\t<\/h1>\n\t<p>Le 14e Festival et remise des prix CMAOntario arrivent \u00e0 Port Credit, et les billets sont d\u00e9j\u00e0 en vente pour nos membres.<\/p>\n<p>We&#8217;re bringing a full weekend of country music to the Port from May 29-31, 2026, featuring Songs &amp; Stories, The Trail, TuneUp Conference, Bonfire, and closing it all out with the CMAOntario Awards Show.<\/p>\n<p>Hosted by award-winning artist Jason Blaine &amp; Country Nights&#8217; Sam McDaid.<\/p>\n<p>Notre h\u00f4tel h\u00f4te est le Waterside Inn, situ\u00e9 sur les rives du lac Ontario et au bord de la rivi\u00e8re Credit, \u00e0 Port Credit.<\/p>\n\t\t\t\tPort Credit Memorial Arena Accessibility\n\t\t\t\t<p><strong>General Facility Accessibility<\/strong><\/p>\n<ul>\n<li>Entrances: The arena features a wheelchair-accessible main entrance.<\/li>\n<li>Elevator: An elevator was installed during the redevelopment to connect the upper and lower levels of the building.<\/li>\n<li>Restrooms: The facility includes modern, wheelchair-accessible public washrooms located in the lobby areas<\/li>\n<\/ul>\n<p><strong>Parking and Transit<\/strong><\/p>\n<ul>\n<li>On-site Parking: The arena has a spacious parking lot with designated wheelchair-accessible parking spaces.<\/li>\n<li>Nearby Public Transit: The arena is a short walking distance from the Port Credit GO Station, which also offers accessibility features such as upgraded elevators, tactile safety tiles on platforms, and accessible ramps<\/li>\n<\/ul>\n<p><strong>Upper Level Accessibility Features<\/strong><\/p>\n<ul>\n<li>Elevator Access: An elevator is available to transport patrons between the ground level and the upper concourse\/lobby area.<\/li>\n<li>Accessible Washrooms: The upper lobby features modern, wheelchair-accessible washroom facilities.<\/li>\n<li>Viewing Areas: The arena includes a heated viewing area and standing room along the walkway behind the seating, which is typically used to accommodate spectators with mobility devices.<\/li>\n<\/ul>\n<p>All main entrances to the building are on flat terrain or equipped with ramps to ensure barrier-free access from the parking lot and adjacent Memorial<\/p>\n<h1>\n\t\t\tCalendrier en un coup d'\u0153il\t<\/h1>\n\t<p>Cliquez sur le nom de n'importe quel \u00e9v\u00e9nement pour voir plus de d\u00e9tails et acheter des billets.<\/p>\n\t\t\t<a href=\"https:\/\/www.ticketfairy.com\/event\/cmaontariofestival?\"  target=\"_self\">\n\t\t\t\t\t\t\tAcheter Billets\n\t\t\t\t\t<\/a>\n<figure itemscope itemtype=\"https:\/\/schema.org\/ImageObject\">\n\t\t\t\t<img decoding=\"async\" src=\"https:\/\/cmaontario.ca\/wp-content\/uploads\/2026\/04\/the-waterside-inn-option.jpg\" alt=\"The Waterside Inn option\" height=\"681\" width=\"1024\" title=\"L&#039;option Waterside Inn\" onerror=\"this.style.display='none'\" loading=\"lazy\" \/>\n\t<\/figure>\n\t\t<h1>\n\t\t\tThe Waterside Inn\n\t\t\t\t\t\t\t\t\t\t\t15 Stavebank Road South, Mississauga, ON, L5G 2T2 | 905 891-7770\n\t\t<\/h1>\n\t\t\t<p><strong>Style et confort<\/strong><br \/>Situ\u00e9 sur les rives du lac Ontario et les berges de la rivi\u00e8re Credit, le Waterside Inn Hotel and Conference Centre, un h\u00f4tel-boutique de 95 suites, se trouve \u00e0 seulement 30 minutes de Toronto, mais \u00e0 des ann\u00e9es-lumi\u00e8re de l'agitation d'une ville anim\u00e9e. Id\u00e9al pour le professionnel en d\u00e9placement qui n'a besoin que de quelques nuits par mois, cet h\u00f4tel est \u00e9galement le point de chute parfait pour des locations \u00e0 long terme avec ses suites-appartements d'une et deux chambres enti\u00e8rement meubl\u00e9es qui disposent de toutes les commodit\u00e9s, et d'une abondance de\u00a0<a href=\"https:\/\/www.watersideinn.ca\/restaurants\/\">restaurants et caf\u00e9s \u00e0 distance de marche.<\/a><\/p>\t\t\n\t<strong>Stationnement<\/strong><br \/>\nLe stationnement est disponible en face de l'h\u00f4tel, rue du Port, pour $14.00 + taxes par voiture et par nuit.<br \/>\nParking souterrain selon disponibilit\u00e9 pour $25.00 $ + taxes par voiture par nuit.\n<strong>Politique sur les animaux de compagnie<\/strong><br \/>\nL'Auberge Waterside accueille les chiens et chats bien \u00e9lev\u00e9s pesant jusqu'\u00e0 11 kg, avec un maximum de deux animaux par chambre. Les animaux doivent \u00eatre plac\u00e9s en cage lorsqu'ils sont laiss\u00e9s sans surveillance dans la chambre et rester en laisse dans toutes les zones publiques de l'\u00e9tablissement.\n<p>Des frais de $25.00 par animal, par nuit s'appliquent. Les clients sont responsables de tout dommage ou nettoyage excessif r\u00e9sultant de leurs animaux domestiques.<\/p>\n<strong>Normes d'accessibilit\u00e9 pour le service \u00e0 la client\u00e8le<\/strong><br \/>\nFor information on the Waterside Inn&#8217;s accessibility standards, please visit their\u00a0<a href=\"https:\/\/www.watersideinn.ca\/accessibility-standards-for-customer-service\/\">site internet.<\/a>\n<p><strong>Suites de r\u00e9sidence<\/strong><\/p>\n<p><strong>One Bedroom &#8211; 500 Square Feet<\/strong><\/p>\n<p>Les suites d'une chambre comprennent un salon\/salle \u00e0 manger et une cuisine, une chambre s\u00e9par\u00e9e avec 1 lit Queen size, et certaines incluent un canap\u00e9-lit dans le salon.<\/p>\n<p><strong>Two Bedroom &#8211; 900 Square Feet<\/strong><\/p>\n<p>Les Suites Deux Chambres comprennent un salon\/salle \u00e0 manger et un espace cuisine avec deux chambres s\u00e9par\u00e9es \u2013 une chambre avec 1 lit queen et la deuxi\u00e8me chambre avec un lit double. Certaines Suites Deux Chambres disposent d'un canap\u00e9-lit dans le salon.<\/p>\n\t\t\t\tLire la suite\n<article id=\"fl-post-73323\">\n<p><strong>Toutes les suites r\u00e9sidentielles :<\/strong><\/p>\n<ul>\n<li>Toutes les suites disposent de grands balcons, la plupart avec une vue imprenable sur le lac et\/ou la marina.<\/li>\n<li>Les cuisines sont \u00e9quip\u00e9es de comptoirs en granit, d'un four \u00e0 micro-ondes, d'un r\u00e9frig\u00e9rateur et d'une cuisini\u00e8re, d'une cafeti\u00e8re et certaines cuisines comprennent \u00e9galement un lave-vaisselle et une buanderie dans la cuisine.<\/li>\n<li>Toutes les suites comprennent une t\u00e9l\u00e9vision \u00e0 \u00e9cran plat, un fer et une planche \u00e0 repasser, une cafeti\u00e8re, un s\u00e8che-cheveux et toutes les commodit\u00e9s qu'un voyageur exigeant pourrait attendre.<\/li>\n<\/ul>\n<\/article>\n<footer data-post-id=\"47067\" data-type=\"footer\">\n\u00a0\n<\/footer>\n\t\t\t<a href=\"https:\/\/www.luxuryres.com\/BookingEngines\/V16\/index.asp?h=1553&#038;p=CMA\"  target=\"_self\">\n\t\t\t\t\t\t\tR\u00e9servez maintenant\n\t\t\t\t\t<\/a>","protected":false},"excerpt":{"rendered":"<p>14th Annual CMAOntario Festival &#038; Awards 14th Annual CMAOntario Festival &#038; Awards The 14th Annual CMAOntario Festival &amp; Awards are coming to Port Credit, and tickets are on sale now&hellip;<\/p>","protected":false},"author":3,"featured_media":0,"parent":0,"menu_order":0,"comment_status":"closed","ping_status":"closed","template":"","meta":{"_monsterinsights_skip_tracking":false,"_monsterinsights_sitenote_active":false,"_monsterinsights_sitenote_note":"","_monsterinsights_sitenote_category":0,"_uf_show_specific_survey":0,"_uf_disable_surveys":false,"_price":"","_stock":"","_tribe_ticket_header":"","_tribe_default_ticket_provider":"","_tribe_ticket_capacity":"0","_ticket_start_date":"","_ticket_end_date":"","_tribe_ticket_show_description":"","_tribe_ticket_show_not_going":false,"_tribe_ticket_use_global_stock":"","_tribe_ticket_global_stock_level":"","_global_stock_mode":"","_global_stock_cap":"","_tribe_rsvp_for_event":"","_tribe_ticket_going_count":"","_tribe_ticket_not_going_count":"","_tribe_tickets_list":"[]","_tribe_ticket_has_attendee_info_fields":false,"footnotes":"","_tec_slr_enabled":"","_tec_slr_layout":""},"class_list":["post-73632","page","type-page","status-publish","hentry"],"yoast_head":"<!-- This site is optimized with the Yoast SEO plugin v27.4 - https:\/\/yoast.com\/product\/yoast-seo-wordpress\/ -->\n<title>2026 Festival &amp; Awards - Country Music Association of Ontario<\/title>\n<meta name=\"robots\" content=\"index, follow, max-snippet:-1, max-image-preview:large, max-video-preview:-1\" \/>\n<link rel=\"canonical\" href=\"https:\/\/cmaontario.ca\/fr\/2026-festival-awards\/\" \/>\n<meta property=\"og:locale\" content=\"fr_CA\" \/>\n<meta property=\"og:type\" content=\"article\" \/>\n<meta property=\"og:title\" content=\"2026 Festival &amp; Awards - Country Music Association of Ontario\" \/>\n<meta property=\"og:description\" content=\"14th Annual CMAOntario Festival &#038; Awards 14th Annual CMAOntario Festival &#038; Awards The 14th Annual CMAOntario Festival &amp; Awards are coming to Port Credit, and tickets are on sale now&hellip;\" \/>\n<meta property=\"og:url\" content=\"https:\/\/cmaontario.ca\/fr\/2026-festival-awards\/\" \/>\n<meta property=\"og:site_name\" content=\"Country Music Association of Ontario\" \/>\n<meta property=\"article:publisher\" content=\"https:\/\/www.facebook.com\/thecmaontario\/\" \/>\n<meta property=\"article:modified_time\" content=\"2026-04-23T12:44:28+00:00\" \/>\n<meta property=\"og:image\" content=\"https:\/\/cmaontario.ca\/wp-content\/uploads\/2026\/04\/cmaontario26-horizontal.png\" \/>\n<meta name=\"twitter:card\" content=\"summary_large_image\" \/>\n<meta name=\"twitter:site\" content=\"@theCMAOntario\" \/>\n<meta name=\"twitter:label1\" content=\"Estimation du temps de lecture\" \/>\n\t<meta name=\"twitter:data1\" content=\"4 minutes\" \/>\n<script type=\"application\/ld+json\" class=\"yoast-schema-graph\">{\"@context\":\"https:\\\/\\\/schema.org\",\"@graph\":[{\"@type\":\"WebPage\",\"@id\":\"https:\\\/\\\/cmaontario.ca\\\/2026-festival-awards\\\/\",\"url\":\"https:\\\/\\\/cmaontario.ca\\\/2026-festival-awards\\\/\",\"name\":\"2026 Festival & Awards - Country Music Association of Ontario\",\"isPartOf\":{\"@id\":\"https:\\\/\\\/cmaontario.ca\\\/#website\"},\"primaryImageOfPage\":{\"@id\":\"https:\\\/\\\/cmaontario.ca\\\/2026-festival-awards\\\/#primaryimage\"},\"image\":{\"@id\":\"https:\\\/\\\/cmaontario.ca\\\/2026-festival-awards\\\/#primaryimage\"},\"thumbnailUrl\":\"https:\\\/\\\/cmaontario.ca\\\/wp-content\\\/uploads\\\/2026\\\/04\\\/cmaontario26-horizontal.png\",\"datePublished\":\"2026-04-09T12:07:57+00:00\",\"dateModified\":\"2026-04-23T12:44:28+00:00\",\"breadcrumb\":{\"@id\":\"https:\\\/\\\/cmaontario.ca\\\/2026-festival-awards\\\/#breadcrumb\"},\"inLanguage\":\"fr-CA\",\"potentialAction\":[{\"@type\":\"ReadAction\",\"target\":[\"https:\\\/\\\/cmaontario.ca\\\/2026-festival-awards\\\/\"]}]},{\"@type\":\"ImageObject\",\"inLanguage\":\"fr-CA\",\"@id\":\"https:\\\/\\\/cmaontario.ca\\\/2026-festival-awards\\\/#primaryimage\",\"url\":\"https:\\\/\\\/cmaontario.ca\\\/wp-content\\\/uploads\\\/2026\\\/04\\\/cmaontario26-horizontal.png\",\"contentUrl\":\"https:\\\/\\\/cmaontario.ca\\\/wp-content\\\/uploads\\\/2026\\\/04\\\/cmaontario26-horizontal.png\"},{\"@type\":\"BreadcrumbList\",\"@id\":\"https:\\\/\\\/cmaontario.ca\\\/2026-festival-awards\\\/#breadcrumb\",\"itemListElement\":[{\"@type\":\"ListItem\",\"position\":1,\"name\":\"Home\",\"item\":\"https:\\\/\\\/cmaontario.ca\\\/\"},{\"@type\":\"ListItem\",\"position\":2,\"name\":\"2026 Festival &#038; Awards\"}]},{\"@type\":\"WebSite\",\"@id\":\"https:\\\/\\\/cmaontario.ca\\\/#website\",\"url\":\"https:\\\/\\\/cmaontario.ca\\\/\",\"name\":\"Country Music Association of Ontario\",\"description\":\"Making Ontario Country Music Matter.\",\"publisher\":{\"@id\":\"https:\\\/\\\/cmaontario.ca\\\/#organization\"},\"potentialAction\":[{\"@type\":\"SearchAction\",\"target\":{\"@type\":\"EntryPoint\",\"urlTemplate\":\"https:\\\/\\\/cmaontario.ca\\\/?s={search_term_string}\"},\"query-input\":{\"@type\":\"PropertyValueSpecification\",\"valueRequired\":true,\"valueName\":\"search_term_string\"}}],\"inLanguage\":\"fr-CA\"},{\"@type\":\"Organization\",\"@id\":\"https:\\\/\\\/cmaontario.ca\\\/#organization\",\"name\":\"Country Music Association of Ontario\",\"url\":\"https:\\\/\\\/cmaontario.ca\\\/\",\"logo\":{\"@type\":\"ImageObject\",\"inLanguage\":\"fr-CA\",\"@id\":\"https:\\\/\\\/cmaontario.ca\\\/#\\\/schema\\\/logo\\\/image\\\/\",\"url\":\"https:\\\/\\\/cmaontario.ca\\\/wp-content\\\/uploads\\\/2025\\\/12\\\/CMAO-Logo-vertical-MaroonBlu.png\",\"contentUrl\":\"https:\\\/\\\/cmaontario.ca\\\/wp-content\\\/uploads\\\/2025\\\/12\\\/CMAO-Logo-vertical-MaroonBlu.png\",\"width\":512,\"height\":512,\"caption\":\"Country Music Association of Ontario\"},\"image\":{\"@id\":\"https:\\\/\\\/cmaontario.ca\\\/#\\\/schema\\\/logo\\\/image\\\/\"},\"sameAs\":[\"https:\\\/\\\/www.facebook.com\\\/thecmaontario\\\/\",\"https:\\\/\\\/x.com\\\/theCMAOntario\",\"https:\\\/\\\/www.instagram.com\\\/thecmaontario\\\/\",\"https:\\\/\\\/open.spotify.com\\\/user\\\/cmaontario\"]}]}<\/script>\n<!-- \/ Yoast SEO plugin. -->","yoast_head_json":{"title":"2026 Festival & Awards - Country Music Association of Ontario","robots":{"index":"index","follow":"follow","max-snippet":"max-snippet:-1","max-image-preview":"max-image-preview:large","max-video-preview":"max-video-preview:-1"},"canonical":"https:\/\/cmaontario.ca\/fr\/2026-festival-awards\/","og_locale":"fr_CA","og_type":"article","og_title":"2026 Festival & Awards - Country Music Association of Ontario","og_description":"14th Annual CMAOntario Festival &#038; Awards 14th Annual CMAOntario Festival &#038; Awards The 14th Annual CMAOntario Festival &amp; Awards are coming to Port Credit, and tickets are on sale now&hellip;","og_url":"https:\/\/cmaontario.ca\/fr\/2026-festival-awards\/","og_site_name":"Country Music Association of Ontario","article_publisher":"https:\/\/www.facebook.com\/thecmaontario\/","article_modified_time":"2026-04-23T12:44:28+00:00","og_image":[{"url":"https:\/\/cmaontario.ca\/wp-content\/uploads\/2026\/04\/cmaontario26-horizontal.png","type":"","width":"","height":""}],"twitter_card":"summary_large_image","twitter_site":"@theCMAOntario","twitter_misc":{"Estimation du temps de lecture":"4 minutes"},"schema":{"@context":"https:\/\/schema.org","@graph":[{"@type":"WebPage","@id":"https:\/\/cmaontario.ca\/2026-festival-awards\/","url":"https:\/\/cmaontario.ca\/2026-festival-awards\/","name":"2026 Festival & Awards - Country Music Association of Ontario","isPartOf":{"@id":"https:\/\/cmaontario.ca\/#website"},"primaryImageOfPage":{"@id":"https:\/\/cmaontario.ca\/2026-festival-awards\/#primaryimage"},"image":{"@id":"https:\/\/cmaontario.ca\/2026-festival-awards\/#primaryimage"},"thumbnailUrl":"https:\/\/cmaontario.ca\/wp-content\/uploads\/2026\/04\/cmaontario26-horizontal.png","datePublished":"2026-04-09T12:07:57+00:00","dateModified":"2026-04-23T12:44:28+00:00","breadcrumb":{"@id":"https:\/\/cmaontario.ca\/2026-festival-awards\/#breadcrumb"},"inLanguage":"fr-CA","potentialAction":[{"@type":"ReadAction","target":["https:\/\/cmaontario.ca\/2026-festival-awards\/"]}]},{"@type":"ImageObject","inLanguage":"fr-CA","@id":"https:\/\/cmaontario.ca\/2026-festival-awards\/#primaryimage","url":"https:\/\/cmaontario.ca\/wp-content\/uploads\/2026\/04\/cmaontario26-horizontal.png","contentUrl":"https:\/\/cmaontario.ca\/wp-content\/uploads\/2026\/04\/cmaontario26-horizontal.png"},{"@type":"BreadcrumbList","@id":"https:\/\/cmaontario.ca\/2026-festival-awards\/#breadcrumb","itemListElement":[{"@type":"ListItem","position":1,"name":"Home","item":"https:\/\/cmaontario.ca\/"},{"@type":"ListItem","position":2,"name":"2026 Festival &#038; Awards"}]},{"@type":"WebSite","@id":"https:\/\/cmaontario.ca\/#website","url":"https:\/\/cmaontario.ca\/","name":"Association de musique country de l'Ontario","description":"Faire conna\u00eetre la musique country de l'Ontario.","publisher":{"@id":"https:\/\/cmaontario.ca\/#organization"},"potentialAction":[{"@type":"SearchAction","target":{"@type":"EntryPoint","urlTemplate":"https:\/\/cmaontario.ca\/?s={search_term_string}"},"query-input":{"@type":"PropertyValueSpecification","valueRequired":true,"valueName":"search_term_string"}}],"inLanguage":"fr-CA"},{"@type":"Organization","@id":"https:\/\/cmaontario.ca\/#organization","name":"Association de musique country de l'Ontario","url":"https:\/\/cmaontario.ca\/","logo":{"@type":"ImageObject","inLanguage":"fr-CA","@id":"https:\/\/cmaontario.ca\/#\/schema\/logo\/image\/","url":"https:\/\/cmaontario.ca\/wp-content\/uploads\/2025\/12\/CMAO-Logo-vertical-MaroonBlu.png","contentUrl":"https:\/\/cmaontario.ca\/wp-content\/uploads\/2025\/12\/CMAO-Logo-vertical-MaroonBlu.png","width":512,"height":512,"caption":"Country Music Association of Ontario"},"image":{"@id":"https:\/\/cmaontario.ca\/#\/schema\/logo\/image\/"},"sameAs":["https:\/\/www.facebook.com\/thecmaontario\/","https:\/\/x.com\/theCMAOntario","https:\/\/www.instagram.com\/thecmaontario\/","https:\/\/open.spotify.com\/user\/cmaontario"]}]}},"ticketed":false,"_links":{"self":[{"href":"https:\/\/cmaontario.ca\/fr\/wp-json\/wp\/v2\/pages\/73632","targetHints":{"allow":["GET"]}}],"collection":[{"href":"https:\/\/cmaontario.ca\/fr\/wp-json\/wp\/v2\/pages"}],"about":[{"href":"https:\/\/cmaontario.ca\/fr\/wp-json\/wp\/v2\/types\/page"}],"author":[{"embeddable":true,"href":"https:\/\/cmaontario.ca\/fr\/wp-json\/wp\/v2\/users\/3"}],"replies":[{"embeddable":true,"href":"https:\/\/cmaontario.ca\/fr\/wp-json\/wp\/v2\/comments?post=73632"}],"version-history":[{"count":17,"href":"https:\/\/cmaontario.ca\/fr\/wp-json\/wp\/v2\/pages\/73632\/revisions"}],"predecessor-version":[{"id":73778,"href":"https:\/\/cmaontario.ca\/fr\/wp-json\/wp\/v2\/pages\/73632\/revisions\/73778"}],"wp:attachment":[{"href":"https:\/\/cmaontario.ca\/fr\/wp-json\/wp\/v2\/media?parent=73632"}],"curies":[{"name":"wp","href":"https:\/\/api.w.org\/{rel}","templated":true}]}}