{"id":73323,"date":"2026-03-22T12:42:35","date_gmt":"2026-03-22T16:42:35","guid":{"rendered":"https:\/\/cmaontario.ca\/?page_id=73323"},"modified":"2026-04-09T08:37:42","modified_gmt":"2026-04-09T12:37:42","slug":"hotel","status":"publish","type":"page","link":"https:\/\/cmaontario.ca\/fr\/hotel\/","title":{"rendered":"H\u00d4TEL"},"content":{"rendered":"<h1>\n\t\t\tH\u00f4tel h\u00f4te 2026\n\t\t<\/h1>\n\t\t<h1>\n\t\t\tThe Waterside Inn\n\t\t\t\t\t\t\t\t\t\t\t15 Stavebank Road South, Mississauga, ON, L5G 2T2 <br \/>905.891.7770\n\t\t<\/h1>\n\t\t\t<p>The 14th Annual CMAOntario Festival &amp; Awards are coming to Port Credit, and tickets are on sale now for our members.We&#8217;re bringing a full weekend of country music to the Port from May 29-31, 2026, featuring Songs &amp; Stories, The Trail, TuneUp Conference, Bonfire, and closing it all out with the CMAOntario Awards Show.Hosted by award-winning artist Jason Blaine &amp; Country Nights&#8217; Sam McDaid.Our host hotel is the Waterside Inn, located on the shores of Lake Ontario and the banks of the Credit River, in Port Credit.<\/p>\t\t\n<figure itemscope itemtype=\"https:\/\/schema.org\/ImageObject\">\n\t\t\t\t<img decoding=\"async\" src=\"https:\/\/cmaontario.ca\/wp-content\/uploads\/2026\/04\/waterside-deluxe-king.jpg\" alt=\"waterside-deluxe-king\" height=\"557\" width=\"1024\" title=\"bord de l&#039;eau-deluxe-king\" onerror=\"this.style.display='none'\" loading=\"lazy\" \/>\n\t<\/figure>\n\t<p><strong>Style et confort<\/strong><\/p>\n<p>Situ\u00e9 sur les rives du lac Ontario et les berges de la rivi\u00e8re Credit, le Waterside Inn Hotel and Conference Centre, un h\u00f4tel-boutique de 95 suites, se trouve \u00e0 seulement 30 minutes de Toronto, mais \u00e0 des ann\u00e9es-lumi\u00e8re de l'agitation d'une ville anim\u00e9e. Id\u00e9al pour le professionnel en d\u00e9placement qui n'a besoin que de quelques nuits par mois, cet h\u00f4tel est \u00e9galement le point de chute parfait pour des locations \u00e0 long terme avec ses suites-appartements d'une et deux chambres enti\u00e8rement meubl\u00e9es qui disposent de toutes les commodit\u00e9s, et d'une abondance de\u00a0<a href=\"https:\/\/www.watersideinn.ca\/restaurants\/\">restaurants et caf\u00e9s \u00e0 distance de marche.<\/a><\/p>\n<p><strong>Stationnement<\/strong><\/p>\n<p>Le stationnement est disponible en face de l'h\u00f4tel, rue du Port, pour $14.00 + taxes par voiture et par nuit.<\/p>\n<p>Parking souterrain selon disponibilit\u00e9 pour $25.00 $ + taxes par voiture par nuit.<\/p>\n<p><strong>Politique sur les animaux de compagnie<\/strong><\/p>\n<p>L'Auberge Waterside accueille les chiens et chats bien \u00e9lev\u00e9s pesant jusqu'\u00e0 11 kg, avec un maximum de deux animaux par chambre. Les animaux doivent \u00eatre mis en cage s'ils sont laiss\u00e9s sans surveillance dans la chambre et doivent rester tenus en laisse dans toutes les zones publiques de l'\u00e9tablissement.<\/p>\n<p>Des frais de $25.00 par animal, par nuit s'appliquent. Les clients sont responsables de tout dommage ou nettoyage excessif r\u00e9sultant de leurs animaux domestiques.<\/p>\n<p><strong>Normes d'accessibilit\u00e9 pour le service \u00e0 la client\u00e8le<\/strong><\/p>\n<p>For information on the Waterside Inn&#8217;s accessibility standards, please visit their <a href=\"https:\/\/www.watersideinn.ca\/accessibility-standards-for-customer-service\/\">site internet.<\/a><\/p>\n<figure itemscope itemtype=\"https:\/\/schema.org\/ImageObject\">\n\t\t\t\t<img decoding=\"async\" src=\"https:\/\/cmaontario.ca\/wp-content\/uploads\/2026\/04\/waterside-deluxe-queen-1.jpg\" alt=\"waterside-deluxe-queen\" height=\"557\" width=\"1024\" title=\"c\u00f4t\u00e9-lac-deluxe-lit-king\" onerror=\"this.style.display='none'\" loading=\"lazy\" \/>\n\t<\/figure>\n\t<p><strong>Suites de r\u00e9sidence<\/strong><\/p>\n<p><strong>One Bedroom &#8211; 500 Square Feet<\/strong><\/p>\n<p>Les suites d'une chambre disposent d'un salon\/salle \u00e0 manger et d'un espace cuisine avec une chambre s\u00e9par\u00e9e dot\u00e9e d'un lit queen-size et certaines disposent d'un canap\u00e9-lit dans le salon.<\/p>\n<p><strong>Two Bedroom &#8211; 900 Square Feet<\/strong><\/p>\n<p>Les Suites Deux Chambres disposent d'un salon\/salle \u00e0 manger et d'une cuisine avec deux chambres s\u00e9par\u00e9es \u2013 une chambre avec 1 tr\u00e8s grand lit et la deuxi\u00e8me chambre avec un lit double. Certaines Suites Deux Chambres disposent d'un canap\u00e9-lit dans le salon.<\/p>\n<p><strong>Toutes les suites r\u00e9sidentielles :<\/strong><\/p>\n<ul>\n<li>Toutes les suites disposent de grands balcons, la plupart avec une vue imprenable sur le lac et\/ou la marina.<\/li>\n<li>Les cuisines sont \u00e9quip\u00e9es de comptoirs en granit, d'un four \u00e0 micro-ondes, d'un r\u00e9frig\u00e9rateur et d'une cuisini\u00e8re, d'une cafeti\u00e8re et certaines cuisines comprennent \u00e9galement un lave-vaisselle et une buanderie dans la cuisine.<\/li>\n<li>Toutes les suites comprennent une t\u00e9l\u00e9vision \u00e0 \u00e9cran plat, un fer et une planche \u00e0 repasser, une cafeti\u00e8re, un s\u00e8che-cheveux et toutes les commodit\u00e9s qu'un voyageur exigeant pourrait attendre.<\/li>\n<\/ul>\n\t\t\t<a href=\"https:\/\/www.luxuryres.com\/BookingEngines\/V16\/index.asp?h=1553&#038;p=CMA\"  target=\"_self\">\n\t\t\t\t\t\t\tR\u00e9server votre chambre\n\t\t\t\t\t<\/a>","protected":false},"excerpt":{"rendered":"<p>2026 Host Hotel The Waterside Inn 15 Stavebank Road South, Mississauga, ON, L5G 2T2 905.891.7770 The 14th Annual CMAOntario Festival &amp; Awards are coming to Port Credit, and tickets are&hellip;<\/p>","protected":false},"author":3,"featured_media":0,"parent":0,"menu_order":0,"comment_status":"closed","ping_status":"closed","template":"","meta":{"_monsterinsights_skip_tracking":false,"_monsterinsights_sitenote_active":false,"_monsterinsights_sitenote_note":"","_monsterinsights_sitenote_category":0,"_uf_show_specific_survey":0,"_uf_disable_surveys":false,"_price":"","_stock":"","_tribe_ticket_header":"","_tribe_default_ticket_provider":"","_tribe_ticket_capacity":"0","_ticket_start_date":"","_ticket_end_date":"","_tribe_ticket_show_description":"","_tribe_ticket_show_not_going":false,"_tribe_ticket_use_global_stock":"","_tribe_ticket_global_stock_level":"","_global_stock_mode":"","_global_stock_cap":"","_tribe_rsvp_for_event":"","_tribe_ticket_going_count":"","_tribe_ticket_not_going_count":"","_tribe_tickets_list":"[]","_tribe_ticket_has_attendee_info_fields":false,"footnotes":"","_tec_slr_enabled":"","_tec_slr_layout":""},"class_list":["post-73323","page","type-page","status-publish","hentry"],"yoast_head":"<!-- This site is optimized with the Yoast SEO plugin v27.5 - https:\/\/yoast.com\/product\/yoast-seo-wordpress\/ -->\n<title>HOTEL - Country Music Association of Ontario<\/title>\n<meta name=\"robots\" content=\"index, follow, max-snippet:-1, max-image-preview:large, max-video-preview:-1\" \/>\n<link rel=\"canonical\" href=\"https:\/\/cmaontario.ca\/fr\/hotel\/\" \/>\n<meta property=\"og:locale\" content=\"fr_CA\" \/>\n<meta property=\"og:type\" content=\"article\" \/>\n<meta property=\"og:title\" content=\"HOTEL - Country Music Association of Ontario\" \/>\n<meta property=\"og:description\" content=\"2026 Host Hotel The Waterside Inn 15 Stavebank Road South, Mississauga, ON, L5G 2T2 905.891.7770 The 14th Annual CMAOntario Festival &amp; Awards are coming to Port Credit, and tickets are&hellip;\" \/>\n<meta property=\"og:url\" content=\"https:\/\/cmaontario.ca\/fr\/hotel\/\" \/>\n<meta property=\"og:site_name\" content=\"Country Music Association of Ontario\" \/>\n<meta property=\"article:publisher\" content=\"https:\/\/www.facebook.com\/thecmaontario\/\" \/>\n<meta property=\"article:modified_time\" content=\"2026-04-09T12:37:42+00:00\" \/>\n<meta property=\"og:image\" content=\"https:\/\/cmaontario.ca\/wp-content\/uploads\/2026\/04\/waterside-deluxe-king.jpg\" \/>\n<meta name=\"twitter:card\" content=\"summary_large_image\" \/>\n<meta name=\"twitter:site\" content=\"@theCMAOntario\" \/>\n<meta name=\"twitter:label1\" content=\"Estimation du temps de lecture\" \/>\n\t<meta name=\"twitter:data1\" content=\"3 minutes\" \/>\n<script type=\"application\/ld+json\" class=\"yoast-schema-graph\">{\"@context\":\"https:\\\/\\\/schema.org\",\"@graph\":[{\"@type\":\"WebPage\",\"@id\":\"https:\\\/\\\/cmaontario.ca\\\/hotel\\\/\",\"url\":\"https:\\\/\\\/cmaontario.ca\\\/hotel\\\/\",\"name\":\"HOTEL - Country Music Association of Ontario\",\"isPartOf\":{\"@id\":\"https:\\\/\\\/cmaontario.ca\\\/#website\"},\"primaryImageOfPage\":{\"@id\":\"https:\\\/\\\/cmaontario.ca\\\/hotel\\\/#primaryimage\"},\"image\":{\"@id\":\"https:\\\/\\\/cmaontario.ca\\\/hotel\\\/#primaryimage\"},\"thumbnailUrl\":\"https:\\\/\\\/cmaontario.ca\\\/wp-content\\\/uploads\\\/2026\\\/04\\\/waterside-deluxe-king.jpg\",\"datePublished\":\"2026-03-22T16:42:35+00:00\",\"dateModified\":\"2026-04-09T12:37:42+00:00\",\"breadcrumb\":{\"@id\":\"https:\\\/\\\/cmaontario.ca\\\/hotel\\\/#breadcrumb\"},\"inLanguage\":\"fr-CA\",\"potentialAction\":[{\"@type\":\"ReadAction\",\"target\":[\"https:\\\/\\\/cmaontario.ca\\\/hotel\\\/\"]}]},{\"@type\":\"ImageObject\",\"inLanguage\":\"fr-CA\",\"@id\":\"https:\\\/\\\/cmaontario.ca\\\/hotel\\\/#primaryimage\",\"url\":\"https:\\\/\\\/cmaontario.ca\\\/wp-content\\\/uploads\\\/2026\\\/04\\\/waterside-deluxe-king.jpg\",\"contentUrl\":\"https:\\\/\\\/cmaontario.ca\\\/wp-content\\\/uploads\\\/2026\\\/04\\\/waterside-deluxe-king.jpg\"},{\"@type\":\"BreadcrumbList\",\"@id\":\"https:\\\/\\\/cmaontario.ca\\\/hotel\\\/#breadcrumb\",\"itemListElement\":[{\"@type\":\"ListItem\",\"position\":1,\"name\":\"Home\",\"item\":\"https:\\\/\\\/cmaontario.ca\\\/\"},{\"@type\":\"ListItem\",\"position\":2,\"name\":\"HOTEL\"}]},{\"@type\":\"WebSite\",\"@id\":\"https:\\\/\\\/cmaontario.ca\\\/#website\",\"url\":\"https:\\\/\\\/cmaontario.ca\\\/\",\"name\":\"Country Music Association of Ontario\",\"description\":\"Making Ontario Country Music Matter.\",\"publisher\":{\"@id\":\"https:\\\/\\\/cmaontario.ca\\\/#organization\"},\"potentialAction\":[{\"@type\":\"SearchAction\",\"target\":{\"@type\":\"EntryPoint\",\"urlTemplate\":\"https:\\\/\\\/cmaontario.ca\\\/?s={search_term_string}\"},\"query-input\":{\"@type\":\"PropertyValueSpecification\",\"valueRequired\":true,\"valueName\":\"search_term_string\"}}],\"inLanguage\":\"fr-CA\"},{\"@type\":\"Organization\",\"@id\":\"https:\\\/\\\/cmaontario.ca\\\/#organization\",\"name\":\"Country Music Association of Ontario\",\"url\":\"https:\\\/\\\/cmaontario.ca\\\/\",\"logo\":{\"@type\":\"ImageObject\",\"inLanguage\":\"fr-CA\",\"@id\":\"https:\\\/\\\/cmaontario.ca\\\/#\\\/schema\\\/logo\\\/image\\\/\",\"url\":\"https:\\\/\\\/cmaontario.ca\\\/wp-content\\\/uploads\\\/2025\\\/12\\\/CMAO-Logo-vertical-MaroonBlu.png\",\"contentUrl\":\"https:\\\/\\\/cmaontario.ca\\\/wp-content\\\/uploads\\\/2025\\\/12\\\/CMAO-Logo-vertical-MaroonBlu.png\",\"width\":512,\"height\":512,\"caption\":\"Country Music Association of Ontario\"},\"image\":{\"@id\":\"https:\\\/\\\/cmaontario.ca\\\/#\\\/schema\\\/logo\\\/image\\\/\"},\"sameAs\":[\"https:\\\/\\\/www.facebook.com\\\/thecmaontario\\\/\",\"https:\\\/\\\/x.com\\\/theCMAOntario\",\"https:\\\/\\\/www.instagram.com\\\/thecmaontario\\\/\",\"https:\\\/\\\/open.spotify.com\\\/user\\\/cmaontario\"]}]}<\/script>\n<!-- \/ Yoast SEO plugin. -->","yoast_head_json":{"title":"HOTEL - Country Music Association of Ontario","robots":{"index":"index","follow":"follow","max-snippet":"max-snippet:-1","max-image-preview":"max-image-preview:large","max-video-preview":"max-video-preview:-1"},"canonical":"https:\/\/cmaontario.ca\/fr\/hotel\/","og_locale":"fr_CA","og_type":"article","og_title":"HOTEL - Country Music Association of Ontario","og_description":"2026 Host Hotel The Waterside Inn 15 Stavebank Road South, Mississauga, ON, L5G 2T2 905.891.7770 The 14th Annual CMAOntario Festival &amp; Awards are coming to Port Credit, and tickets are&hellip;","og_url":"https:\/\/cmaontario.ca\/fr\/hotel\/","og_site_name":"Country Music Association of Ontario","article_publisher":"https:\/\/www.facebook.com\/thecmaontario\/","article_modified_time":"2026-04-09T12:37:42+00:00","og_image":[{"url":"https:\/\/cmaontario.ca\/wp-content\/uploads\/2026\/04\/waterside-deluxe-king.jpg","type":"","width":"","height":""}],"twitter_card":"summary_large_image","twitter_site":"@theCMAOntario","twitter_misc":{"Estimation du temps de lecture":"3 minutes"},"schema":{"@context":"https:\/\/schema.org","@graph":[{"@type":"WebPage","@id":"https:\/\/cmaontario.ca\/hotel\/","url":"https:\/\/cmaontario.ca\/hotel\/","name":"HOTEL - Country Music Association of Ontario","isPartOf":{"@id":"https:\/\/cmaontario.ca\/#website"},"primaryImageOfPage":{"@id":"https:\/\/cmaontario.ca\/hotel\/#primaryimage"},"image":{"@id":"https:\/\/cmaontario.ca\/hotel\/#primaryimage"},"thumbnailUrl":"https:\/\/cmaontario.ca\/wp-content\/uploads\/2026\/04\/waterside-deluxe-king.jpg","datePublished":"2026-03-22T16:42:35+00:00","dateModified":"2026-04-09T12:37:42+00:00","breadcrumb":{"@id":"https:\/\/cmaontario.ca\/hotel\/#breadcrumb"},"inLanguage":"fr-CA","potentialAction":[{"@type":"ReadAction","target":["https:\/\/cmaontario.ca\/hotel\/"]}]},{"@type":"ImageObject","inLanguage":"fr-CA","@id":"https:\/\/cmaontario.ca\/hotel\/#primaryimage","url":"https:\/\/cmaontario.ca\/wp-content\/uploads\/2026\/04\/waterside-deluxe-king.jpg","contentUrl":"https:\/\/cmaontario.ca\/wp-content\/uploads\/2026\/04\/waterside-deluxe-king.jpg"},{"@type":"BreadcrumbList","@id":"https:\/\/cmaontario.ca\/hotel\/#breadcrumb","itemListElement":[{"@type":"ListItem","position":1,"name":"Home","item":"https:\/\/cmaontario.ca\/"},{"@type":"ListItem","position":2,"name":"HOTEL"}]},{"@type":"WebSite","@id":"https:\/\/cmaontario.ca\/#website","url":"https:\/\/cmaontario.ca\/","name":"Association de musique country de l'Ontario","description":"Faire conna\u00eetre la musique country de l'Ontario.","publisher":{"@id":"https:\/\/cmaontario.ca\/#organization"},"potentialAction":[{"@type":"SearchAction","target":{"@type":"EntryPoint","urlTemplate":"https:\/\/cmaontario.ca\/?s={search_term_string}"},"query-input":{"@type":"PropertyValueSpecification","valueRequired":true,"valueName":"search_term_string"}}],"inLanguage":"fr-CA"},{"@type":"Organization","@id":"https:\/\/cmaontario.ca\/#organization","name":"Association de musique country de l'Ontario","url":"https:\/\/cmaontario.ca\/","logo":{"@type":"ImageObject","inLanguage":"fr-CA","@id":"https:\/\/cmaontario.ca\/#\/schema\/logo\/image\/","url":"https:\/\/cmaontario.ca\/wp-content\/uploads\/2025\/12\/CMAO-Logo-vertical-MaroonBlu.png","contentUrl":"https:\/\/cmaontario.ca\/wp-content\/uploads\/2025\/12\/CMAO-Logo-vertical-MaroonBlu.png","width":512,"height":512,"caption":"Country Music Association of Ontario"},"image":{"@id":"https:\/\/cmaontario.ca\/#\/schema\/logo\/image\/"},"sameAs":["https:\/\/www.facebook.com\/thecmaontario\/","https:\/\/x.com\/theCMAOntario","https:\/\/www.instagram.com\/thecmaontario\/","https:\/\/open.spotify.com\/user\/cmaontario"]}]}},"ticketed":false,"_links":{"self":[{"href":"https:\/\/cmaontario.ca\/fr\/wp-json\/wp\/v2\/pages\/73323","targetHints":{"allow":["GET"]}}],"collection":[{"href":"https:\/\/cmaontario.ca\/fr\/wp-json\/wp\/v2\/pages"}],"about":[{"href":"https:\/\/cmaontario.ca\/fr\/wp-json\/wp\/v2\/types\/page"}],"author":[{"embeddable":true,"href":"https:\/\/cmaontario.ca\/fr\/wp-json\/wp\/v2\/users\/3"}],"replies":[{"embeddable":true,"href":"https:\/\/cmaontario.ca\/fr\/wp-json\/wp\/v2\/comments?post=73323"}],"version-history":[{"count":15,"href":"https:\/\/cmaontario.ca\/fr\/wp-json\/wp\/v2\/pages\/73323\/revisions"}],"predecessor-version":[{"id":73534,"href":"https:\/\/cmaontario.ca\/fr\/wp-json\/wp\/v2\/pages\/73323\/revisions\/73534"}],"wp:attachment":[{"href":"https:\/\/cmaontario.ca\/fr\/wp-json\/wp\/v2\/media?parent=73323"}],"curies":[{"name":"wp","href":"https:\/\/api.w.org\/{rel}","templated":true}]}}