{"id":72295,"date":"2026-01-26T07:26:58","date_gmt":"2026-01-26T12:26:58","guid":{"rendered":"https:\/\/cmaontario.ca\/?page_id=72295"},"modified":"2026-02-07T12:29:48","modified_gmt":"2026-02-07T17:29:48","slug":"igniter-songwriter-camp","status":"publish","type":"page","link":"https:\/\/cmaontario.ca\/fr\/igniter-songwriter-camp\/","title":{"rendered":"Igniter Songwriter Camp"},"content":{"rendered":"<div><img loading=\"lazy\" decoding=\"async\" class=\"aligncenter wp-image-72301 size-medium\" src=\"https:\/\/cmaontario.ca\/wp-content\/uploads\/2026\/01\/igniterfinhorizontal-300x132.png\" alt=\"\" width=\"300\" height=\"132\" srcset=\"https:\/\/cmaontario.ca\/wp-content\/uploads\/2026\/01\/igniterfinhorizontal-300x132.png 300w, https:\/\/cmaontario.ca\/wp-content\/uploads\/2026\/01\/igniterfinhorizontal-150x66.png 150w, https:\/\/cmaontario.ca\/wp-content\/uploads\/2026\/01\/igniterfinhorizontal-1024x452.png 1024w, https:\/\/cmaontario.ca\/wp-content\/uploads\/2026\/01\/igniterfinhorizontal-768x339.png 768w, https:\/\/cmaontario.ca\/wp-content\/uploads\/2026\/01\/igniterfinhorizontal-1536x677.png 1536w, https:\/\/cmaontario.ca\/wp-content\/uploads\/2026\/01\/igniterfinhorizontal-2048x903.png 2048w\" sizes=\"auto, (max-width: 300px) 100vw, 300px\" \/><\/div>\n<div><\/div>\n<div><\/div>\n<h3 style=\"text-align: center;\"><strong>Appel \u00e0 tous les auteurs-compositeurs !<\/strong><\/h3>\n<div style=\"text-align: center;\">\n<p>Nous sommes ravis d'annoncer un nouveau programme :\u00a0<strong>Camp d'\u00e9criture Igniter de l'Association des auteurs-compositeurs canadiens et de CMAOntario<\/strong>! Il s'agit de la version ontarienne, mais l'initiative globale vise \u00e0 encourager les talents \u00e9mergents dans tout le Canada, en offrant des possibilit\u00e9s de collaboration avec des artistes professionnels, des auteurs-compositeurs et des producteurs dans les communaut\u00e9s locales, contribuant ainsi \u00e0 la cr\u00e9ation de p\u00f4les cr\u00e9atifs r\u00e9gionaux.<\/p>\n<p>Cet Igniter se d\u00e9roulera dans trois endroits diff\u00e9rents du sud de l'Ontario au cours du mois de mars, avec 3 producteurs et 6 auteurs-compositeurs. L'objectif est de travailler ensemble sur de la nouvelle musique, en 3 groupes, chacun compos\u00e9 d'un producteur, d'un artiste et d'un auteur-compositeur, en alternant les partenaires chaque jour.<\/p>\n<p>Les auteurs-compositeurs et les artistes de tous niveaux sont invit\u00e9s \u00e0 poser leur candidature. Comme il s'agit d'un \u00e9v\u00e9nement soutenu par CMAOntario, les genres Country, Roots ou similaires seront privil\u00e9gi\u00e9s.<\/p>\n<p>*Les candidats s\u00e9lectionn\u00e9s doivent \u00eatre en mesure de prendre en charge leur propre voyage pendant les trois jours. Des honoraires seront vers\u00e9s aux participants.<\/p>\n<p>Le conseil d'administration et le personnel de CMAOntario ne participeront pas au processus de s\u00e9lection. La musique des candidats sera \u00e9valu\u00e9e par un groupe de professionnels de l'industrie de la musique. Les r\u00e9sultats seront annonc\u00e9s au cours de la semaine du 23 f\u00e9vrier 2026.<\/p>\n<p>Les auteurs-compositeurs et artistes int\u00e9ress\u00e9s peuvent poser leur candidature pour faire partie des 6 participants en cliquant sur le lien ci-dessous.<\/p>\n<\/div>\n<h2 style=\"text-align: center;\"><strong>DATE LIMITE DE SOUMISSION :  6 F\u00c9VRIER 2026 \u00c0 17H00<\/strong><\/h2>\n<div style=\"text-align: center;\">\n<p>Bonne chance !<\/p>\n<p>LA FEN\u00caTRE DE SOUMISSION EST MAINTENANT FERM\u00c9E. LES AUTEURS-COMPOSITEURS SERONT INFORM\u00c9S DES R\u00c9SULTATS SOUS PEU.<\/p>","protected":false},"excerpt":{"rendered":"<p>Calling all Songwriters! We are thrilled to announce a new program:\u00a0The S.A.C. (Songwriters Association of Canada) and CMAOntario Igniter Songwriting Camp!\u00a0This is the Ontario version, but the overall initiative aims&hellip;<\/p>","protected":false},"author":3,"featured_media":0,"parent":0,"menu_order":0,"comment_status":"closed","ping_status":"closed","template":"","meta":{"_monsterinsights_skip_tracking":false,"_monsterinsights_sitenote_active":false,"_monsterinsights_sitenote_note":"","_monsterinsights_sitenote_category":0,"_uf_show_specific_survey":0,"_uf_disable_surveys":false,"_price":"","_stock":"","_tribe_ticket_header":"","_tribe_default_ticket_provider":"","_tribe_ticket_capacity":"0","_ticket_start_date":"","_ticket_end_date":"","_tribe_ticket_show_description":"","_tribe_ticket_show_not_going":false,"_tribe_ticket_use_global_stock":"","_tribe_ticket_global_stock_level":"","_global_stock_mode":"","_global_stock_cap":"","_tribe_rsvp_for_event":"","_tribe_ticket_going_count":"","_tribe_ticket_not_going_count":"","_tribe_tickets_list":"[]","_tribe_ticket_has_attendee_info_fields":false,"footnotes":"","_tec_slr_enabled":"","_tec_slr_layout":""},"class_list":["post-72295","page","type-page","status-publish","hentry"],"yoast_head":"<!-- This site is optimized with the Yoast SEO plugin v27.4 - https:\/\/yoast.com\/product\/yoast-seo-wordpress\/ -->\n<title>Igniter Songwriter Camp - Country Music Association of Ontario<\/title>\n<meta name=\"robots\" content=\"index, follow, max-snippet:-1, max-image-preview:large, max-video-preview:-1\" \/>\n<link rel=\"canonical\" href=\"https:\/\/cmaontario.ca\/fr\/igniter-songwriter-camp\/\" \/>\n<meta property=\"og:locale\" content=\"fr_CA\" \/>\n<meta property=\"og:type\" content=\"article\" \/>\n<meta property=\"og:title\" content=\"Igniter Songwriter Camp - Country Music Association of Ontario\" \/>\n<meta property=\"og:description\" content=\"Calling all Songwriters! We are thrilled to announce a new program:\u00a0The S.A.C. (Songwriters Association of Canada) and CMAOntario Igniter Songwriting Camp!\u00a0This is the Ontario version, but the overall initiative aims&hellip;\" \/>\n<meta property=\"og:url\" content=\"https:\/\/cmaontario.ca\/fr\/igniter-songwriter-camp\/\" \/>\n<meta property=\"og:site_name\" content=\"Country Music Association of Ontario\" \/>\n<meta property=\"article:publisher\" content=\"https:\/\/www.facebook.com\/thecmaontario\/\" \/>\n<meta property=\"article:modified_time\" content=\"2026-02-07T17:29:48+00:00\" \/>\n<meta property=\"og:image\" content=\"https:\/\/cmaontario.ca\/wp-content\/uploads\/2026\/01\/igniterfinhorizontal.png\" \/>\n\t<meta property=\"og:image:width\" content=\"2109\" \/>\n\t<meta property=\"og:image:height\" content=\"930\" \/>\n\t<meta property=\"og:image:type\" content=\"image\/png\" \/>\n<meta name=\"twitter:card\" content=\"summary_large_image\" \/>\n<meta name=\"twitter:site\" content=\"@theCMAOntario\" \/>\n<meta name=\"twitter:label1\" content=\"Estimation du temps de lecture\" \/>\n\t<meta name=\"twitter:data1\" content=\"2 minutes\" \/>\n<script type=\"application\/ld+json\" class=\"yoast-schema-graph\">{\"@context\":\"https:\\\/\\\/schema.org\",\"@graph\":[{\"@type\":\"WebPage\",\"@id\":\"https:\\\/\\\/cmaontario.ca\\\/igniter-songwriter-camp\\\/\",\"url\":\"https:\\\/\\\/cmaontario.ca\\\/igniter-songwriter-camp\\\/\",\"name\":\"Igniter Songwriter Camp - Country Music Association of Ontario\",\"isPartOf\":{\"@id\":\"https:\\\/\\\/cmaontario.ca\\\/#website\"},\"primaryImageOfPage\":{\"@id\":\"https:\\\/\\\/cmaontario.ca\\\/igniter-songwriter-camp\\\/#primaryimage\"},\"image\":{\"@id\":\"https:\\\/\\\/cmaontario.ca\\\/igniter-songwriter-camp\\\/#primaryimage\"},\"thumbnailUrl\":\"https:\\\/\\\/cmaontario.ca\\\/wp-content\\\/uploads\\\/2026\\\/01\\\/igniterfinhorizontal-300x132.png\",\"datePublished\":\"2026-01-26T12:26:58+00:00\",\"dateModified\":\"2026-02-07T17:29:48+00:00\",\"breadcrumb\":{\"@id\":\"https:\\\/\\\/cmaontario.ca\\\/igniter-songwriter-camp\\\/#breadcrumb\"},\"inLanguage\":\"fr-CA\",\"potentialAction\":[{\"@type\":\"ReadAction\",\"target\":[\"https:\\\/\\\/cmaontario.ca\\\/igniter-songwriter-camp\\\/\"]}]},{\"@type\":\"ImageObject\",\"inLanguage\":\"fr-CA\",\"@id\":\"https:\\\/\\\/cmaontario.ca\\\/igniter-songwriter-camp\\\/#primaryimage\",\"url\":\"https:\\\/\\\/cmaontario.ca\\\/wp-content\\\/uploads\\\/2026\\\/01\\\/igniterfinhorizontal-300x132.png\",\"contentUrl\":\"https:\\\/\\\/cmaontario.ca\\\/wp-content\\\/uploads\\\/2026\\\/01\\\/igniterfinhorizontal-300x132.png\"},{\"@type\":\"BreadcrumbList\",\"@id\":\"https:\\\/\\\/cmaontario.ca\\\/igniter-songwriter-camp\\\/#breadcrumb\",\"itemListElement\":[{\"@type\":\"ListItem\",\"position\":1,\"name\":\"Home\",\"item\":\"https:\\\/\\\/cmaontario.ca\\\/\"},{\"@type\":\"ListItem\",\"position\":2,\"name\":\"Igniter Songwriter Camp\"}]},{\"@type\":\"WebSite\",\"@id\":\"https:\\\/\\\/cmaontario.ca\\\/#website\",\"url\":\"https:\\\/\\\/cmaontario.ca\\\/\",\"name\":\"Country Music Association of Ontario\",\"description\":\"Making Ontario Country Music Matter.\",\"publisher\":{\"@id\":\"https:\\\/\\\/cmaontario.ca\\\/#organization\"},\"potentialAction\":[{\"@type\":\"SearchAction\",\"target\":{\"@type\":\"EntryPoint\",\"urlTemplate\":\"https:\\\/\\\/cmaontario.ca\\\/?s={search_term_string}\"},\"query-input\":{\"@type\":\"PropertyValueSpecification\",\"valueRequired\":true,\"valueName\":\"search_term_string\"}}],\"inLanguage\":\"fr-CA\"},{\"@type\":\"Organization\",\"@id\":\"https:\\\/\\\/cmaontario.ca\\\/#organization\",\"name\":\"Country Music Association of Ontario\",\"url\":\"https:\\\/\\\/cmaontario.ca\\\/\",\"logo\":{\"@type\":\"ImageObject\",\"inLanguage\":\"fr-CA\",\"@id\":\"https:\\\/\\\/cmaontario.ca\\\/#\\\/schema\\\/logo\\\/image\\\/\",\"url\":\"https:\\\/\\\/cmaontario.ca\\\/wp-content\\\/uploads\\\/2025\\\/12\\\/CMAO-Logo-vertical-MaroonBlu.png\",\"contentUrl\":\"https:\\\/\\\/cmaontario.ca\\\/wp-content\\\/uploads\\\/2025\\\/12\\\/CMAO-Logo-vertical-MaroonBlu.png\",\"width\":512,\"height\":512,\"caption\":\"Country Music Association of Ontario\"},\"image\":{\"@id\":\"https:\\\/\\\/cmaontario.ca\\\/#\\\/schema\\\/logo\\\/image\\\/\"},\"sameAs\":[\"https:\\\/\\\/www.facebook.com\\\/thecmaontario\\\/\",\"https:\\\/\\\/x.com\\\/theCMAOntario\",\"https:\\\/\\\/www.instagram.com\\\/thecmaontario\\\/\",\"https:\\\/\\\/open.spotify.com\\\/user\\\/cmaontario\"]}]}<\/script>\n<!-- \/ Yoast SEO plugin. -->","yoast_head_json":{"title":"Igniter Songwriter Camp - Country Music Association of Ontario","robots":{"index":"index","follow":"follow","max-snippet":"max-snippet:-1","max-image-preview":"max-image-preview:large","max-video-preview":"max-video-preview:-1"},"canonical":"https:\/\/cmaontario.ca\/fr\/igniter-songwriter-camp\/","og_locale":"fr_CA","og_type":"article","og_title":"Igniter Songwriter Camp - Country Music Association of Ontario","og_description":"Calling all Songwriters! We are thrilled to announce a new program:\u00a0The S.A.C. (Songwriters Association of Canada) and CMAOntario Igniter Songwriting Camp!\u00a0This is the Ontario version, but the overall initiative aims&hellip;","og_url":"https:\/\/cmaontario.ca\/fr\/igniter-songwriter-camp\/","og_site_name":"Country Music Association of Ontario","article_publisher":"https:\/\/www.facebook.com\/thecmaontario\/","article_modified_time":"2026-02-07T17:29:48+00:00","og_image":[{"width":2109,"height":930,"url":"https:\/\/cmaontario.ca\/wp-content\/uploads\/2026\/01\/igniterfinhorizontal.png","type":"image\/png"}],"twitter_card":"summary_large_image","twitter_site":"@theCMAOntario","twitter_misc":{"Estimation du temps de lecture":"2 minutes"},"schema":{"@context":"https:\/\/schema.org","@graph":[{"@type":"WebPage","@id":"https:\/\/cmaontario.ca\/igniter-songwriter-camp\/","url":"https:\/\/cmaontario.ca\/igniter-songwriter-camp\/","name":"Igniter Songwriter Camp - Country Music Association of Ontario","isPartOf":{"@id":"https:\/\/cmaontario.ca\/#website"},"primaryImageOfPage":{"@id":"https:\/\/cmaontario.ca\/igniter-songwriter-camp\/#primaryimage"},"image":{"@id":"https:\/\/cmaontario.ca\/igniter-songwriter-camp\/#primaryimage"},"thumbnailUrl":"https:\/\/cmaontario.ca\/wp-content\/uploads\/2026\/01\/igniterfinhorizontal-300x132.png","datePublished":"2026-01-26T12:26:58+00:00","dateModified":"2026-02-07T17:29:48+00:00","breadcrumb":{"@id":"https:\/\/cmaontario.ca\/igniter-songwriter-camp\/#breadcrumb"},"inLanguage":"fr-CA","potentialAction":[{"@type":"ReadAction","target":["https:\/\/cmaontario.ca\/igniter-songwriter-camp\/"]}]},{"@type":"ImageObject","inLanguage":"fr-CA","@id":"https:\/\/cmaontario.ca\/igniter-songwriter-camp\/#primaryimage","url":"https:\/\/cmaontario.ca\/wp-content\/uploads\/2026\/01\/igniterfinhorizontal-300x132.png","contentUrl":"https:\/\/cmaontario.ca\/wp-content\/uploads\/2026\/01\/igniterfinhorizontal-300x132.png"},{"@type":"BreadcrumbList","@id":"https:\/\/cmaontario.ca\/igniter-songwriter-camp\/#breadcrumb","itemListElement":[{"@type":"ListItem","position":1,"name":"Home","item":"https:\/\/cmaontario.ca\/"},{"@type":"ListItem","position":2,"name":"Igniter Songwriter Camp"}]},{"@type":"WebSite","@id":"https:\/\/cmaontario.ca\/#website","url":"https:\/\/cmaontario.ca\/","name":"Association de musique country de l'Ontario","description":"Faire conna\u00eetre la musique country de l'Ontario.","publisher":{"@id":"https:\/\/cmaontario.ca\/#organization"},"potentialAction":[{"@type":"SearchAction","target":{"@type":"EntryPoint","urlTemplate":"https:\/\/cmaontario.ca\/?s={search_term_string}"},"query-input":{"@type":"PropertyValueSpecification","valueRequired":true,"valueName":"search_term_string"}}],"inLanguage":"fr-CA"},{"@type":"Organization","@id":"https:\/\/cmaontario.ca\/#organization","name":"Association de musique country de l'Ontario","url":"https:\/\/cmaontario.ca\/","logo":{"@type":"ImageObject","inLanguage":"fr-CA","@id":"https:\/\/cmaontario.ca\/#\/schema\/logo\/image\/","url":"https:\/\/cmaontario.ca\/wp-content\/uploads\/2025\/12\/CMAO-Logo-vertical-MaroonBlu.png","contentUrl":"https:\/\/cmaontario.ca\/wp-content\/uploads\/2025\/12\/CMAO-Logo-vertical-MaroonBlu.png","width":512,"height":512,"caption":"Country Music Association of Ontario"},"image":{"@id":"https:\/\/cmaontario.ca\/#\/schema\/logo\/image\/"},"sameAs":["https:\/\/www.facebook.com\/thecmaontario\/","https:\/\/x.com\/theCMAOntario","https:\/\/www.instagram.com\/thecmaontario\/","https:\/\/open.spotify.com\/user\/cmaontario"]}]}},"ticketed":false,"_links":{"self":[{"href":"https:\/\/cmaontario.ca\/fr\/wp-json\/wp\/v2\/pages\/72295","targetHints":{"allow":["GET"]}}],"collection":[{"href":"https:\/\/cmaontario.ca\/fr\/wp-json\/wp\/v2\/pages"}],"about":[{"href":"https:\/\/cmaontario.ca\/fr\/wp-json\/wp\/v2\/types\/page"}],"author":[{"embeddable":true,"href":"https:\/\/cmaontario.ca\/fr\/wp-json\/wp\/v2\/users\/3"}],"replies":[{"embeddable":true,"href":"https:\/\/cmaontario.ca\/fr\/wp-json\/wp\/v2\/comments?post=72295"}],"version-history":[{"count":9,"href":"https:\/\/cmaontario.ca\/fr\/wp-json\/wp\/v2\/pages\/72295\/revisions"}],"predecessor-version":[{"id":72431,"href":"https:\/\/cmaontario.ca\/fr\/wp-json\/wp\/v2\/pages\/72295\/revisions\/72431"}],"wp:attachment":[{"href":"https:\/\/cmaontario.ca\/fr\/wp-json\/wp\/v2\/media?parent=72295"}],"curies":[{"name":"wp","href":"https:\/\/api.w.org\/{rel}","templated":true}]}}