{"id":4718,"date":"2015-04-23T14:28:19","date_gmt":"2015-04-23T18:28:19","guid":{"rendered":"http:\/\/themes.muffingroup.com\/be\/theater\/?page_id=2"},"modified":"2026-04-08T11:29:14","modified_gmt":"2026-04-08T15:29:14","slug":"home-2","status":"publish","type":"page","link":"https:\/\/cmaontario.ca\/fr\/","title":{"rendered":"HOME"},"content":{"rendered":"<h1>\n\t\t\tLa musique country de l'Ontario compte\n\t\t<\/h1>\n\t<p>Nous croyons que la musique a le pouvoir d'unir les gens, d'inspirer la cr\u00e9ativit\u00e9 et de favoriser un sentiment d'appartenance \u00e0 la communaut\u00e9. En organisant des \u00e9v\u00e9nements musicaux abordables, nous visons \u00e0 soutenir les cr\u00e9ateurs de musique country en Ontario, \u00e0 nourrir des communaut\u00e9s dynamiques et \u00e0 avoir un impact positif sur la vie des individus.<\/p>\n\t\t<h1>\n\t\t\tDevenir membre de CMAONTARIO\n\t\t<\/h1>\n\t<p>\u00c0 CMAOntario, nous c\u00e9l\u00e9brons et embrassons la diversit\u00e9 de nos membres. Tout comme les diff\u00e9rentes cultures fa\u00e7onnent la musique country, nous croyons que la diversit\u00e9 favorise l'engagement, enrichit les exp\u00e9riences et renforce notre association. Si vous partagez notre passion pour l'avancement de la musique country en Ontario, vous vous sentirez chez vous chez nous.<\/p>\n<div class=\"woocommerce columns-3\"><ul class=\"products columns-3\">\n<li class=\"member-discount discount-restricted product type-product post-5471 status-publish first instock product_cat-membership has-post-thumbnail downloadable virtual taxable purchasable product-type-simple\">\n\t<a href=\"https:\/\/cmaontario.ca\/fr\/produit\/corporate-membership\/\" class=\"woocommerce-LoopProduct-link woocommerce-loop-product__link\"><img loading=\"lazy\" decoding=\"async\" width=\"360\" height=\"360\" src=\"https:\/\/cmaontario.ca\/wp-content\/uploads\/2019\/10\/CMAO-Corporate-Membership.png\" class=\"attachment-woocommerce_thumbnail size-woocommerce_thumbnail\" alt=\"CMAO Corporate Membership\" srcset=\"https:\/\/cmaontario.ca\/wp-content\/uploads\/2019\/10\/CMAO-Corporate-Membership.png 360w, https:\/\/cmaontario.ca\/wp-content\/uploads\/2019\/10\/CMAO-Corporate-Membership-100x100.png 100w, https:\/\/cmaontario.ca\/wp-content\/uploads\/2019\/10\/CMAO-Corporate-Membership-150x150.png 150w, https:\/\/cmaontario.ca\/wp-content\/uploads\/2019\/10\/CMAO-Corporate-Membership-300x300.png 300w\" sizes=\"auto, (max-width: 360px) 100vw, 360px\" \/><h2 class=\"woocommerce-loop-product__title\">Adh\u00e9sion des entreprises<\/h2>\n\t<span class=\"price\"><span class=\"woocommerce-Price-amount amount\"><bdi><span class=\"woocommerce-Price-currencySymbol\">&#36;<\/span>125.00<\/bdi><\/span><\/span>\n<\/a><a href=\"\/fr\/wp-json\/wp\/v2\/pages\/4718?add-to-cart=5471\" aria-describedby=\"woocommerce_loop_add_to_cart_link_describedby_5471\" data-quantity=\"1\" class=\"button product_type_simple add_to_cart_button ajax_add_to_cart\" data-product_id=\"5471\" data-product_sku=\"\" aria-label=\"Ajouter au panier : \u201cCorporate Membership\u201d\" rel=\"nofollow\" data-success_message=\"\u201cCorporate Membership\u201d a \u00e9t\u00e9 ajout\u00e9 \u00e0 votre panier\" data-no-translation=\"\" data-trp-gettext=\"\" data-no-translation-aria-label=\"\" data-no-translation-data-success_message=\"\">Ajouter au panier<\/a>\t<span id=\"woocommerce_loop_add_to_cart_link_describedby_5471\" class=\"screen-reader-text\">\n\t\t\t<\/span>\n<\/li>\n<li class=\"member-discount discount-restricted product type-product post-5469 status-publish instock product_cat-membership has-post-thumbnail downloadable virtual taxable purchasable product-type-simple\">\n\t<a href=\"https:\/\/cmaontario.ca\/fr\/produit\/regular-membership\/\" class=\"woocommerce-LoopProduct-link woocommerce-loop-product__link\"><img loading=\"lazy\" decoding=\"async\" width=\"360\" height=\"360\" src=\"https:\/\/cmaontario.ca\/wp-content\/uploads\/2019\/10\/CMAO-Regular-membership.png\" class=\"attachment-woocommerce_thumbnail size-woocommerce_thumbnail\" alt=\"CMAO Regular-membership\" srcset=\"https:\/\/cmaontario.ca\/wp-content\/uploads\/2019\/10\/CMAO-Regular-membership.png 360w, https:\/\/cmaontario.ca\/wp-content\/uploads\/2019\/10\/CMAO-Regular-membership-100x100.png 100w, https:\/\/cmaontario.ca\/wp-content\/uploads\/2019\/10\/CMAO-Regular-membership-150x150.png 150w, https:\/\/cmaontario.ca\/wp-content\/uploads\/2019\/10\/CMAO-Regular-membership-300x300.png 300w\" sizes=\"auto, (max-width: 360px) 100vw, 360px\" \/><h2 class=\"woocommerce-loop-product__title\">Membres r\u00e9guliers<\/h2>\n\t<span class=\"price\"><span class=\"woocommerce-Price-amount amount\"><bdi><span class=\"woocommerce-Price-currencySymbol\">&#36;<\/span>50.00<\/bdi><\/span><\/span>\n<\/a><a href=\"\/fr\/wp-json\/wp\/v2\/pages\/4718?add-to-cart=5469\" aria-describedby=\"woocommerce_loop_add_to_cart_link_describedby_5469\" data-quantity=\"1\" class=\"button product_type_simple add_to_cart_button ajax_add_to_cart\" data-product_id=\"5469\" data-product_sku=\"\" aria-label=\"Ajouter au panier : \u201cRegular Membership\u201d\" rel=\"nofollow\" data-success_message=\"\u201cRegular Membership\u201d a \u00e9t\u00e9 ajout\u00e9 \u00e0 votre panier\" data-no-translation=\"\" data-trp-gettext=\"\" data-no-translation-aria-label=\"\" data-no-translation-data-success_message=\"\">Ajouter au panier<\/a>\t<span id=\"woocommerce_loop_add_to_cart_link_describedby_5469\" class=\"screen-reader-text\">\n\t\t\t<\/span>\n<\/li>\n<li class=\"member-discount discount-restricted product type-product post-22303 status-publish last instock product_cat-membership has-post-thumbnail downloadable virtual taxable purchasable product-type-simple\">\n\t<a href=\"https:\/\/cmaontario.ca\/fr\/produit\/fan-membership\/\" class=\"woocommerce-LoopProduct-link woocommerce-loop-product__link\"><img loading=\"lazy\" decoding=\"async\" width=\"360\" height=\"360\" src=\"https:\/\/cmaontario.ca\/wp-content\/uploads\/2019\/10\/CMAO-FAN-membership.png\" class=\"attachment-woocommerce_thumbnail size-woocommerce_thumbnail\" alt=\"CMAO FAN-membership\" srcset=\"https:\/\/cmaontario.ca\/wp-content\/uploads\/2019\/10\/CMAO-FAN-membership.png 360w, https:\/\/cmaontario.ca\/wp-content\/uploads\/2019\/10\/CMAO-FAN-membership-100x100.png 100w, https:\/\/cmaontario.ca\/wp-content\/uploads\/2019\/10\/CMAO-FAN-membership-150x150.png 150w, https:\/\/cmaontario.ca\/wp-content\/uploads\/2019\/10\/CMAO-FAN-membership-300x300.png 300w\" sizes=\"auto, (max-width: 360px) 100vw, 360px\" \/><h2 class=\"woocommerce-loop-product__title\">Adh\u00e9sion des supporters<\/h2>\n\t<span class=\"price\"><span class=\"woocommerce-Price-amount amount\"><bdi><span class=\"woocommerce-Price-currencySymbol\">&#36;<\/span>20.00<\/bdi><\/span><\/span>\n<\/a><a href=\"\/fr\/wp-json\/wp\/v2\/pages\/4718?add-to-cart=22303\" aria-describedby=\"woocommerce_loop_add_to_cart_link_describedby_22303\" data-quantity=\"1\" class=\"button product_type_simple add_to_cart_button ajax_add_to_cart\" data-product_id=\"22303\" data-product_sku=\"\" aria-label=\"Ajouter au panier : \u201cFan Membership\u201d\" rel=\"nofollow\" data-success_message=\"\u201cFan Membership\u201d a \u00e9t\u00e9 ajout\u00e9 \u00e0 votre panier\" data-no-translation=\"\" data-trp-gettext=\"\" data-no-translation-aria-label=\"\" data-no-translation-data-success_message=\"\">Ajouter au panier<\/a>\t<span id=\"woocommerce_loop_add_to_cart_link_describedby_22303\" class=\"screen-reader-text\">\n\t\t\t<\/span>\n<\/li>\n<\/ul>\n<\/div>","protected":false},"excerpt":{"rendered":"<p>Ontario Country Music Matters We believe that music has the power to unite people, inspire creativity, and foster a sense of community. By organizing affordable live music events, we aim&hellip;<\/p>","protected":false},"author":3,"featured_media":0,"parent":0,"menu_order":0,"comment_status":"closed","ping_status":"closed","template":"","meta":{"_monsterinsights_skip_tracking":false,"_monsterinsights_sitenote_active":false,"_monsterinsights_sitenote_note":"","_monsterinsights_sitenote_category":0,"_uf_show_specific_survey":0,"_uf_disable_surveys":false,"_price":"","_stock":"","_tribe_ticket_header":"","_tribe_default_ticket_provider":"","_tribe_ticket_capacity":"0","_ticket_start_date":"","_ticket_end_date":"","_tribe_ticket_show_description":"","_tribe_ticket_show_not_going":false,"_tribe_ticket_use_global_stock":"","_tribe_ticket_global_stock_level":"","_global_stock_mode":"","_global_stock_cap":"","_tribe_rsvp_for_event":"","_tribe_ticket_going_count":"","_tribe_ticket_not_going_count":"","_tribe_tickets_list":"[]","_tribe_ticket_has_attendee_info_fields":false,"footnotes":"","_tec_slr_enabled":"","_tec_slr_layout":""},"class_list":["post-4718","page","type-page","status-publish","hentry"],"yoast_head":"<!-- This site is optimized with the Yoast SEO plugin v27.5 - https:\/\/yoast.com\/product\/yoast-seo-wordpress\/ -->\n<title>HOME - Country Music Association of Ontario<\/title>\n<meta name=\"robots\" content=\"index, follow, max-snippet:-1, max-image-preview:large, max-video-preview:-1\" \/>\n<link rel=\"canonical\" href=\"https:\/\/cmaontario.ca\/fr\/\" \/>\n<meta property=\"og:locale\" content=\"fr_CA\" \/>\n<meta property=\"og:type\" content=\"article\" \/>\n<meta property=\"og:title\" content=\"HOME - Country Music Association of Ontario\" \/>\n<meta property=\"og:description\" content=\"Ontario Country Music Matters We believe that music has the power to unite people, inspire creativity, and foster a sense of community. By organizing affordable live music events, we aim&hellip;\" \/>\n<meta property=\"og:url\" content=\"https:\/\/cmaontario.ca\/fr\/\" \/>\n<meta property=\"og:site_name\" content=\"Country Music Association of Ontario\" \/>\n<meta property=\"article:publisher\" content=\"https:\/\/www.facebook.com\/thecmaontario\/\" \/>\n<meta property=\"article:modified_time\" content=\"2026-04-08T15:29:14+00:00\" \/>\n<meta name=\"twitter:card\" content=\"summary_large_image\" \/>\n<meta name=\"twitter:site\" content=\"@theCMAOntario\" \/>\n<meta name=\"twitter:label1\" content=\"Estimation du temps de lecture\" \/>\n\t<meta name=\"twitter:data1\" content=\"1 minute\" \/>\n<script type=\"application\/ld+json\" class=\"yoast-schema-graph\">{\"@context\":\"https:\\\/\\\/schema.org\",\"@graph\":[{\"@type\":\"WebPage\",\"@id\":\"https:\\\/\\\/cmaontario.ca\\\/\",\"url\":\"https:\\\/\\\/cmaontario.ca\\\/\",\"name\":\"HOME - Country Music Association of Ontario\",\"isPartOf\":{\"@id\":\"https:\\\/\\\/cmaontario.ca\\\/#website\"},\"datePublished\":\"2015-04-23T18:28:19+00:00\",\"dateModified\":\"2026-04-08T15:29:14+00:00\",\"breadcrumb\":{\"@id\":\"https:\\\/\\\/cmaontario.ca\\\/#breadcrumb\"},\"inLanguage\":\"fr-CA\",\"potentialAction\":[{\"@type\":\"ReadAction\",\"target\":[\"https:\\\/\\\/cmaontario.ca\\\/\"]}]},{\"@type\":\"BreadcrumbList\",\"@id\":\"https:\\\/\\\/cmaontario.ca\\\/#breadcrumb\",\"itemListElement\":[{\"@type\":\"ListItem\",\"position\":1,\"name\":\"Home\",\"item\":\"https:\\\/\\\/cmaontario.ca\\\/\"},{\"@type\":\"ListItem\",\"position\":2,\"name\":\"HOME\"}]},{\"@type\":\"WebSite\",\"@id\":\"https:\\\/\\\/cmaontario.ca\\\/#website\",\"url\":\"https:\\\/\\\/cmaontario.ca\\\/\",\"name\":\"Country Music Association of Ontario\",\"description\":\"Making Ontario Country Music Matter.\",\"publisher\":{\"@id\":\"https:\\\/\\\/cmaontario.ca\\\/#organization\"},\"potentialAction\":[{\"@type\":\"SearchAction\",\"target\":{\"@type\":\"EntryPoint\",\"urlTemplate\":\"https:\\\/\\\/cmaontario.ca\\\/?s={search_term_string}\"},\"query-input\":{\"@type\":\"PropertyValueSpecification\",\"valueRequired\":true,\"valueName\":\"search_term_string\"}}],\"inLanguage\":\"fr-CA\"},{\"@type\":\"Organization\",\"@id\":\"https:\\\/\\\/cmaontario.ca\\\/#organization\",\"name\":\"Country Music Association of Ontario\",\"url\":\"https:\\\/\\\/cmaontario.ca\\\/\",\"logo\":{\"@type\":\"ImageObject\",\"inLanguage\":\"fr-CA\",\"@id\":\"https:\\\/\\\/cmaontario.ca\\\/#\\\/schema\\\/logo\\\/image\\\/\",\"url\":\"https:\\\/\\\/cmaontario.ca\\\/wp-content\\\/uploads\\\/2025\\\/12\\\/CMAO-Logo-vertical-MaroonBlu.png\",\"contentUrl\":\"https:\\\/\\\/cmaontario.ca\\\/wp-content\\\/uploads\\\/2025\\\/12\\\/CMAO-Logo-vertical-MaroonBlu.png\",\"width\":512,\"height\":512,\"caption\":\"Country Music Association of Ontario\"},\"image\":{\"@id\":\"https:\\\/\\\/cmaontario.ca\\\/#\\\/schema\\\/logo\\\/image\\\/\"},\"sameAs\":[\"https:\\\/\\\/www.facebook.com\\\/thecmaontario\\\/\",\"https:\\\/\\\/x.com\\\/theCMAOntario\",\"https:\\\/\\\/www.instagram.com\\\/thecmaontario\\\/\",\"https:\\\/\\\/open.spotify.com\\\/user\\\/cmaontario\"]}]}<\/script>\n<!-- \/ Yoast SEO plugin. -->","yoast_head_json":{"title":"HOME - Country Music Association of Ontario","robots":{"index":"index","follow":"follow","max-snippet":"max-snippet:-1","max-image-preview":"max-image-preview:large","max-video-preview":"max-video-preview:-1"},"canonical":"https:\/\/cmaontario.ca\/fr\/","og_locale":"fr_CA","og_type":"article","og_title":"HOME - Country Music Association of Ontario","og_description":"Ontario Country Music Matters We believe that music has the power to unite people, inspire creativity, and foster a sense of community. By organizing affordable live music events, we aim&hellip;","og_url":"https:\/\/cmaontario.ca\/fr\/","og_site_name":"Country Music Association of Ontario","article_publisher":"https:\/\/www.facebook.com\/thecmaontario\/","article_modified_time":"2026-04-08T15:29:14+00:00","twitter_card":"summary_large_image","twitter_site":"@theCMAOntario","twitter_misc":{"Estimation du temps de lecture":"1 minute"},"schema":{"@context":"https:\/\/schema.org","@graph":[{"@type":"WebPage","@id":"https:\/\/cmaontario.ca\/","url":"https:\/\/cmaontario.ca\/","name":"HOME - Country Music Association of Ontario","isPartOf":{"@id":"https:\/\/cmaontario.ca\/#website"},"datePublished":"2015-04-23T18:28:19+00:00","dateModified":"2026-04-08T15:29:14+00:00","breadcrumb":{"@id":"https:\/\/cmaontario.ca\/#breadcrumb"},"inLanguage":"fr-CA","potentialAction":[{"@type":"ReadAction","target":["https:\/\/cmaontario.ca\/"]}]},{"@type":"BreadcrumbList","@id":"https:\/\/cmaontario.ca\/#breadcrumb","itemListElement":[{"@type":"ListItem","position":1,"name":"Home","item":"https:\/\/cmaontario.ca\/"},{"@type":"ListItem","position":2,"name":"HOME"}]},{"@type":"WebSite","@id":"https:\/\/cmaontario.ca\/#website","url":"https:\/\/cmaontario.ca\/","name":"Association de musique country de l'Ontario","description":"Faire conna\u00eetre la musique country de l'Ontario.","publisher":{"@id":"https:\/\/cmaontario.ca\/#organization"},"potentialAction":[{"@type":"SearchAction","target":{"@type":"EntryPoint","urlTemplate":"https:\/\/cmaontario.ca\/?s={search_term_string}"},"query-input":{"@type":"PropertyValueSpecification","valueRequired":true,"valueName":"search_term_string"}}],"inLanguage":"fr-CA"},{"@type":"Organization","@id":"https:\/\/cmaontario.ca\/#organization","name":"Association de musique country de l'Ontario","url":"https:\/\/cmaontario.ca\/","logo":{"@type":"ImageObject","inLanguage":"fr-CA","@id":"https:\/\/cmaontario.ca\/#\/schema\/logo\/image\/","url":"https:\/\/cmaontario.ca\/wp-content\/uploads\/2025\/12\/CMAO-Logo-vertical-MaroonBlu.png","contentUrl":"https:\/\/cmaontario.ca\/wp-content\/uploads\/2025\/12\/CMAO-Logo-vertical-MaroonBlu.png","width":512,"height":512,"caption":"Country Music Association of Ontario"},"image":{"@id":"https:\/\/cmaontario.ca\/#\/schema\/logo\/image\/"},"sameAs":["https:\/\/www.facebook.com\/thecmaontario\/","https:\/\/x.com\/theCMAOntario","https:\/\/www.instagram.com\/thecmaontario\/","https:\/\/open.spotify.com\/user\/cmaontario"]}]}},"ticketed":false,"_links":{"self":[{"href":"https:\/\/cmaontario.ca\/fr\/wp-json\/wp\/v2\/pages\/4718","targetHints":{"allow":["GET"]}}],"collection":[{"href":"https:\/\/cmaontario.ca\/fr\/wp-json\/wp\/v2\/pages"}],"about":[{"href":"https:\/\/cmaontario.ca\/fr\/wp-json\/wp\/v2\/types\/page"}],"author":[{"embeddable":true,"href":"https:\/\/cmaontario.ca\/fr\/wp-json\/wp\/v2\/users\/3"}],"replies":[{"embeddable":true,"href":"https:\/\/cmaontario.ca\/fr\/wp-json\/wp\/v2\/comments?post=4718"}],"version-history":[{"count":12,"href":"https:\/\/cmaontario.ca\/fr\/wp-json\/wp\/v2\/pages\/4718\/revisions"}],"predecessor-version":[{"id":73506,"href":"https:\/\/cmaontario.ca\/fr\/wp-json\/wp\/v2\/pages\/4718\/revisions\/73506"}],"wp:attachment":[{"href":"https:\/\/cmaontario.ca\/fr\/wp-json\/wp\/v2\/media?parent=4718"}],"curies":[{"name":"wp","href":"https:\/\/api.w.org\/{rel}","templated":true}]}}