{"id":46998,"date":"2023-11-07T13:39:31","date_gmt":"2023-11-07T18:39:31","guid":{"rendered":"https:\/\/cmaontario.ca\/?page_id=46998"},"modified":"2026-01-16T15:10:46","modified_gmt":"2026-01-16T20:10:46","slug":"artist-of-the-month","status":"publish","type":"page","link":"https:\/\/cmaontario.ca\/fr\/artist-of-the-month\/","title":{"rendered":"ARTISTE DU MOIS"},"content":{"rendered":"<h1>\n\t\t\tArtiste du mois\t<\/h1>\n\t<p>Vous pouvez soumettre une demande pour \u00eatre consid\u00e9r\u00e9 comme l'artiste du mois. Veuillez remplir le formulaire de soumission en ligne afin de fournir \u00e0 notre \u00e9quipe les informations et les graphiques requis. Seuls les membres de la CMAO seront pris en consid\u00e9ration pour cette rubrique.<\/p>\n<p><strong><a href=\"https:\/\/cmaontario.ca\/fr\/artist-of-the-month-submission-form\/\">Formulaire de soumission de l'artiste du mois<\/a><\/strong><\/p>","protected":false},"excerpt":{"rendered":"<p>Artist of the Month You can submit a request to be considered for Artist of the Month. Please complete the online submission form to provide our team with the required&hellip;<\/p>","protected":false},"author":3,"featured_media":0,"parent":0,"menu_order":0,"comment_status":"closed","ping_status":"closed","template":"","meta":{"_monsterinsights_skip_tracking":false,"_monsterinsights_sitenote_active":false,"_monsterinsights_sitenote_note":"","_monsterinsights_sitenote_category":0,"_uf_show_specific_survey":0,"_uf_disable_surveys":false,"_price":"","_stock":"","_tribe_ticket_header":"","_tribe_default_ticket_provider":"","_tribe_ticket_capacity":"0","_ticket_start_date":"","_ticket_end_date":"","_tribe_ticket_show_description":"","_tribe_ticket_show_not_going":false,"_tribe_ticket_use_global_stock":"","_tribe_ticket_global_stock_level":"","_global_stock_mode":"","_global_stock_cap":"","_tribe_rsvp_for_event":"","_tribe_ticket_going_count":"","_tribe_ticket_not_going_count":"","_tribe_tickets_list":"[]","_tribe_ticket_has_attendee_info_fields":false,"footnotes":"","_tec_slr_enabled":"","_tec_slr_layout":""},"class_list":["post-46998","page","type-page","status-publish","hentry"],"yoast_head":"<!-- This site is optimized with the Yoast SEO plugin v27.4 - https:\/\/yoast.com\/product\/yoast-seo-wordpress\/ -->\n<title>ARTIST OF THE MONTH - Country Music Association of Ontario<\/title>\n<meta name=\"description\" content=\"You can submit a request to be considered for Artist of the Month. Please complete the online submission form.\" \/>\n<meta name=\"robots\" content=\"index, follow, max-snippet:-1, max-image-preview:large, max-video-preview:-1\" \/>\n<link rel=\"canonical\" href=\"https:\/\/cmaontario.ca\/fr\/artist-of-the-month\/\" \/>\n<meta property=\"og:locale\" content=\"fr_CA\" \/>\n<meta property=\"og:type\" content=\"article\" \/>\n<meta property=\"og:title\" content=\"ARTIST OF THE MONTH - Country Music Association of Ontario\" \/>\n<meta property=\"og:description\" content=\"You can submit a request to be considered for Artist of the Month. Please complete the online submission form.\" \/>\n<meta property=\"og:url\" content=\"https:\/\/cmaontario.ca\/fr\/artist-of-the-month\/\" \/>\n<meta property=\"og:site_name\" content=\"Country Music Association of Ontario\" \/>\n<meta property=\"article:publisher\" content=\"https:\/\/www.facebook.com\/thecmaontario\/\" \/>\n<meta property=\"article:modified_time\" content=\"2026-01-16T20:10:46+00:00\" \/>\n<meta name=\"twitter:card\" content=\"summary_large_image\" \/>\n<meta name=\"twitter:site\" content=\"@theCMAOntario\" \/>\n<meta name=\"twitter:label1\" content=\"Estimation du temps de lecture\" \/>\n\t<meta name=\"twitter:data1\" content=\"8 minutes\" \/>\n<script type=\"application\/ld+json\" class=\"yoast-schema-graph\">{\"@context\":\"https:\\\/\\\/schema.org\",\"@graph\":[{\"@type\":\"WebPage\",\"@id\":\"https:\\\/\\\/cmaontario.ca\\\/artist-of-the-month\\\/\",\"url\":\"https:\\\/\\\/cmaontario.ca\\\/artist-of-the-month\\\/\",\"name\":\"ARTIST OF THE MONTH - Country Music Association of Ontario\",\"isPartOf\":{\"@id\":\"https:\\\/\\\/cmaontario.ca\\\/#website\"},\"datePublished\":\"2023-11-07T18:39:31+00:00\",\"dateModified\":\"2026-01-16T20:10:46+00:00\",\"description\":\"You can submit a request to be considered for Artist of the Month. Please complete the online submission form.\",\"breadcrumb\":{\"@id\":\"https:\\\/\\\/cmaontario.ca\\\/artist-of-the-month\\\/#breadcrumb\"},\"inLanguage\":\"fr-CA\",\"potentialAction\":[{\"@type\":\"ReadAction\",\"target\":[\"https:\\\/\\\/cmaontario.ca\\\/artist-of-the-month\\\/\"]}]},{\"@type\":\"BreadcrumbList\",\"@id\":\"https:\\\/\\\/cmaontario.ca\\\/artist-of-the-month\\\/#breadcrumb\",\"itemListElement\":[{\"@type\":\"ListItem\",\"position\":1,\"name\":\"Home\",\"item\":\"https:\\\/\\\/cmaontario.ca\\\/\"},{\"@type\":\"ListItem\",\"position\":2,\"name\":\"ARTIST OF THE MONTH\"}]},{\"@type\":\"WebSite\",\"@id\":\"https:\\\/\\\/cmaontario.ca\\\/#website\",\"url\":\"https:\\\/\\\/cmaontario.ca\\\/\",\"name\":\"Country Music Association of Ontario\",\"description\":\"Making Ontario Country Music Matter.\",\"publisher\":{\"@id\":\"https:\\\/\\\/cmaontario.ca\\\/#organization\"},\"potentialAction\":[{\"@type\":\"SearchAction\",\"target\":{\"@type\":\"EntryPoint\",\"urlTemplate\":\"https:\\\/\\\/cmaontario.ca\\\/?s={search_term_string}\"},\"query-input\":{\"@type\":\"PropertyValueSpecification\",\"valueRequired\":true,\"valueName\":\"search_term_string\"}}],\"inLanguage\":\"fr-CA\"},{\"@type\":\"Organization\",\"@id\":\"https:\\\/\\\/cmaontario.ca\\\/#organization\",\"name\":\"Country Music Association of Ontario\",\"url\":\"https:\\\/\\\/cmaontario.ca\\\/\",\"logo\":{\"@type\":\"ImageObject\",\"inLanguage\":\"fr-CA\",\"@id\":\"https:\\\/\\\/cmaontario.ca\\\/#\\\/schema\\\/logo\\\/image\\\/\",\"url\":\"https:\\\/\\\/cmaontario.ca\\\/wp-content\\\/uploads\\\/2025\\\/12\\\/CMAO-Logo-vertical-MaroonBlu.png\",\"contentUrl\":\"https:\\\/\\\/cmaontario.ca\\\/wp-content\\\/uploads\\\/2025\\\/12\\\/CMAO-Logo-vertical-MaroonBlu.png\",\"width\":512,\"height\":512,\"caption\":\"Country Music Association of Ontario\"},\"image\":{\"@id\":\"https:\\\/\\\/cmaontario.ca\\\/#\\\/schema\\\/logo\\\/image\\\/\"},\"sameAs\":[\"https:\\\/\\\/www.facebook.com\\\/thecmaontario\\\/\",\"https:\\\/\\\/x.com\\\/theCMAOntario\",\"https:\\\/\\\/www.instagram.com\\\/thecmaontario\\\/\",\"https:\\\/\\\/open.spotify.com\\\/user\\\/cmaontario\"]}]}<\/script>\n<!-- \/ Yoast SEO plugin. -->","yoast_head_json":{"title":"ARTIST OF THE MONTH - Country Music Association of Ontario","description":"You can submit a request to be considered for Artist of the Month. Please complete the online submission form.","robots":{"index":"index","follow":"follow","max-snippet":"max-snippet:-1","max-image-preview":"max-image-preview:large","max-video-preview":"max-video-preview:-1"},"canonical":"https:\/\/cmaontario.ca\/fr\/artist-of-the-month\/","og_locale":"fr_CA","og_type":"article","og_title":"ARTIST OF THE MONTH - Country Music Association of Ontario","og_description":"You can submit a request to be considered for Artist of the Month. Please complete the online submission form.","og_url":"https:\/\/cmaontario.ca\/fr\/artist-of-the-month\/","og_site_name":"Country Music Association of Ontario","article_publisher":"https:\/\/www.facebook.com\/thecmaontario\/","article_modified_time":"2026-01-16T20:10:46+00:00","twitter_card":"summary_large_image","twitter_site":"@theCMAOntario","twitter_misc":{"Estimation du temps de lecture":"8 minutes"},"schema":{"@context":"https:\/\/schema.org","@graph":[{"@type":"WebPage","@id":"https:\/\/cmaontario.ca\/artist-of-the-month\/","url":"https:\/\/cmaontario.ca\/artist-of-the-month\/","name":"ARTIST OF THE MONTH - Country Music Association of Ontario","isPartOf":{"@id":"https:\/\/cmaontario.ca\/#website"},"datePublished":"2023-11-07T18:39:31+00:00","dateModified":"2026-01-16T20:10:46+00:00","description":"You can submit a request to be considered for Artist of the Month. Please complete the online submission form.","breadcrumb":{"@id":"https:\/\/cmaontario.ca\/artist-of-the-month\/#breadcrumb"},"inLanguage":"fr-CA","potentialAction":[{"@type":"ReadAction","target":["https:\/\/cmaontario.ca\/artist-of-the-month\/"]}]},{"@type":"BreadcrumbList","@id":"https:\/\/cmaontario.ca\/artist-of-the-month\/#breadcrumb","itemListElement":[{"@type":"ListItem","position":1,"name":"Home","item":"https:\/\/cmaontario.ca\/"},{"@type":"ListItem","position":2,"name":"ARTIST OF THE MONTH"}]},{"@type":"WebSite","@id":"https:\/\/cmaontario.ca\/#website","url":"https:\/\/cmaontario.ca\/","name":"Association de musique country de l'Ontario","description":"Faire conna\u00eetre la musique country de l'Ontario.","publisher":{"@id":"https:\/\/cmaontario.ca\/#organization"},"potentialAction":[{"@type":"SearchAction","target":{"@type":"EntryPoint","urlTemplate":"https:\/\/cmaontario.ca\/?s={search_term_string}"},"query-input":{"@type":"PropertyValueSpecification","valueRequired":true,"valueName":"search_term_string"}}],"inLanguage":"fr-CA"},{"@type":"Organization","@id":"https:\/\/cmaontario.ca\/#organization","name":"Association de musique country de l'Ontario","url":"https:\/\/cmaontario.ca\/","logo":{"@type":"ImageObject","inLanguage":"fr-CA","@id":"https:\/\/cmaontario.ca\/#\/schema\/logo\/image\/","url":"https:\/\/cmaontario.ca\/wp-content\/uploads\/2025\/12\/CMAO-Logo-vertical-MaroonBlu.png","contentUrl":"https:\/\/cmaontario.ca\/wp-content\/uploads\/2025\/12\/CMAO-Logo-vertical-MaroonBlu.png","width":512,"height":512,"caption":"Country Music Association of Ontario"},"image":{"@id":"https:\/\/cmaontario.ca\/#\/schema\/logo\/image\/"},"sameAs":["https:\/\/www.facebook.com\/thecmaontario\/","https:\/\/x.com\/theCMAOntario","https:\/\/www.instagram.com\/thecmaontario\/","https:\/\/open.spotify.com\/user\/cmaontario"]}]}},"ticketed":false,"_links":{"self":[{"href":"https:\/\/cmaontario.ca\/fr\/wp-json\/wp\/v2\/pages\/46998","targetHints":{"allow":["GET"]}}],"collection":[{"href":"https:\/\/cmaontario.ca\/fr\/wp-json\/wp\/v2\/pages"}],"about":[{"href":"https:\/\/cmaontario.ca\/fr\/wp-json\/wp\/v2\/types\/page"}],"author":[{"embeddable":true,"href":"https:\/\/cmaontario.ca\/fr\/wp-json\/wp\/v2\/users\/3"}],"replies":[{"embeddable":true,"href":"https:\/\/cmaontario.ca\/fr\/wp-json\/wp\/v2\/comments?post=46998"}],"version-history":[{"count":11,"href":"https:\/\/cmaontario.ca\/fr\/wp-json\/wp\/v2\/pages\/46998\/revisions"}],"predecessor-version":[{"id":72232,"href":"https:\/\/cmaontario.ca\/fr\/wp-json\/wp\/v2\/pages\/46998\/revisions\/72232"}],"wp:attachment":[{"href":"https:\/\/cmaontario.ca\/fr\/wp-json\/wp\/v2\/media?parent=46998"}],"curies":[{"name":"wp","href":"https:\/\/api.w.org\/{rel}","templated":true}]}}